{"id":486,"date":"2016-09-07T12:16:45","date_gmt":"2016-09-07T11:16:45","guid":{"rendered":"http:\/\/www.laboratoiresosma.com\/es\/?page_id=486"},"modified":"2021-05-19T11:58:28","modified_gmt":"2021-05-19T10:58:28","slug":"trabajos-por-encargo","status":"publish","type":"page","link":"https:\/\/www.laboratoiresosma.com\/es\/trabajos-por-encargo\/","title":{"rendered":"Trabajos por encargo"},"content":{"rendered":"<p>[et_pb_section fb_built=&#8221;1&#8243; admin_label=&#8221;section&#8221; _builder_version=&#8221;3.22&#8243;][et_pb_row admin_label=&#8221;row&#8221; _builder_version=&#8221;3.25&#8243; background_size=&#8221;initial&#8221; background_position=&#8221;top_left&#8221; background_repeat=&#8221;repeat&#8221;][et_pb_column type=&#8221;4_4&#8243; _builder_version=&#8221;3.25&#8243; custom_padding=&#8221;|||&#8221; custom_padding__hover=&#8221;|||&#8221;][et_pb_text admin_label=&#8221;Texte&#8221; _builder_version=&#8221;4.9.1&#8243; background_size=&#8221;initial&#8221; background_position=&#8221;top_left&#8221; background_repeat=&#8221;repeat&#8221; hover_enabled=&#8221;0&#8243; use_border_color=&#8221;off&#8221; border_color=&#8221;#ffffff&#8221; border_style=&#8221;solid&#8221; sticky_enabled=&#8221;0&#8243;]<\/p>\n<h1>Trabajo personalizado<\/h1>\n<p>[\/et_pb_text][\/et_pb_column][\/et_pb_row][et_pb_row admin_label=&#8221;Ligne&#8221; _builder_version=&#8221;3.25&#8243; background_size=&#8221;initial&#8221; background_position=&#8221;top_left&#8221; background_repeat=&#8221;repeat&#8221;][et_pb_column type=&#8221;4_4&#8243; _builder_version=&#8221;3.25&#8243; custom_padding=&#8221;|||&#8221; custom_padding__hover=&#8221;|||&#8221;][et_pb_text admin_label=&#8221;Texte&#8221; _builder_version=&#8221;4.9.1&#8243; background_size=&#8221;initial&#8221; background_position=&#8221;top_left&#8221; background_repeat=&#8221;repeat&#8221; hover_enabled=&#8221;0&#8243; use_border_color=&#8221;off&#8221; border_color=&#8221;#ffffff&#8221; border_style=&#8221;solid&#8221; sticky_enabled=&#8221;0&#8243;]<\/p>\n<h2>Trabajo personalizado<\/h2>\n<h3>Nuestro catalogo<\/h3>\n<p>Disponemos de un completo cat\u00e1logo de obra, con referencias est\u00e1ndar que podr\u00e1s personalizar a tus marcas.<\/p>\n<p>Desde piedras de alumbre desnudas hasta productos terminados, le ofrecemos el beneficio de nuestra flexibilidad para satisfacer las demandas modernas de capacidad de respuesta.<br \/>Una estructura a escala humana, queremos ofrecer a todos respuestas personalizadas reduciendo al m\u00e1ximo nuestra producci\u00f3n m\u00ednima para una oferta m\u00e1s amplia:<\/p>\n<p>Piedras de alumbre<br \/>Spray desodorante y roll-on<br \/>Productos de lavado<br \/>Productos de afeitado<br \/>L\u00e1piz hemost\u00e1tico<\/p>\n<p>La mayor\u00eda de nuestros productos se desarrollan cumpliendo las especificaciones de cosm\u00e9tica ecol\u00f3gica y todos cumplen con los requisitos de la normativa vigente.<\/p>\n<p>Osma Laboratories tambi\u00e9n puede ayudarlo en sus deseos para el desarrollo de nuevas f\u00f3rmulas y \/ o nuevos productos cosm\u00e9ticos.<\/p>\n<p>Le proporcionaremos productos listos para la venta que cumplan con sus expectativas y se produzcan de acuerdo con la normativa vigente.<\/p>\n<p>No dude en utilizar nuestros servicios para cualquier solicitud.<\/p>\n<p>Descubra todas nuestras ofertas de trabajo por contrato.<\/p>\n<p><a href=\"https:\/\/www.laboratoiresosma.com\/wp-content\/uploads\/2016\/04\/Fiche-produit-\u00e0-fa\u00e7on-Catalogue-FR.pdf\" target=\"_blank\" rel=\"noopener\"><img loading=\"lazy\" decoding=\"async\" class=\"alignnone size-full wp-image-208\" src=\"https:\/\/www.laboratoiresosma.com\/wp-content\/uploads\/2016\/04\/iconpdf-e1460125669418.png\" alt=\"iconpdf\" width=\"50\" height=\"50\" \/><\/a><\/p>\n<p>&nbsp;<\/p>\n<p>[\/et_pb_text][et_pb_text admin_label=&#8221;Texte&#8221; _builder_version=&#8221;3.27.4&#8243; background_size=&#8221;initial&#8221; background_position=&#8221;top_left&#8221; background_repeat=&#8221;repeat&#8221; text_orientation=&#8221;right&#8221; use_border_color=&#8221;off&#8221; border_color=&#8221;#ffffff&#8221; border_style=&#8221;solid&#8221; saved_tabs=&#8221;all&#8221;] <div class=\"printfriendly pf-button  pf-alignleft\"><a href=\"https:\/\/www.laboratoiresosma.com\/es\/trabajos-por-encargo\/?pfstyle=wp\" rel=\"nofollow\"  title=\"Printer Friendly, PDF & Email\"><img decoding=\"async\" class=\"pf-button-img\" src=\"https:\/\/cdn.printfriendly.com\/buttons\/printfriendly-pdf-button-nobg-md.png\" alt=\"Print Friendly, PDF & Email\" style=\"width: 124px;height: 30px;\"  \/><\/a><\/div> [\/et_pb_text][\/et_pb_column][\/et_pb_row][\/et_pb_section]<\/p>\n","protected":false},"excerpt":{"rendered":"<p>Trabajo personalizadoTrabajo personalizado Nuestro catalogo Disponemos de un completo cat\u00e1logo de obra, con referencias est\u00e1ndar que podr\u00e1s personalizar a tus marcas. Desde piedras de alumbre desnudas hasta productos terminados, le ofrecemos el beneficio de nuestra flexibilidad para satisfacer las demandas modernas de capacidad de respuesta.Una estructura a escala humana, queremos ofrecer a todos respuestas personalizadas [&hellip;]<\/p>\n","protected":false},"author":1,"featured_media":0,"parent":0,"menu_order":0,"comment_status":"closed","ping_status":"closed","template":"","meta":{"_et_pb_use_builder":"on","_et_pb_old_content":"","_et_gb_content_width":"","footnotes":""},"yoast_head":"<!-- This site is optimized with the Yoast SEO plugin v21.3 - https:\/\/yoast.com\/wordpress\/plugins\/seo\/ -->\n<title>cosmeticos y piedra de alumbre fabricados en Francia a su marca<\/title>\n<meta name=\"description\" content=\"Descubra nuestro saber hacer: cosm\u00e9tica natural y ecol\u00f3gica, piedra de alumbre ... cont\u00e1ctenos para conocer los productos de su marca\" \/>\n<meta name=\"robots\" content=\"index, follow, max-snippet:-1, max-image-preview:large, max-video-preview:-1\" \/>\n<link rel=\"canonical\" href=\"https:\/\/www.laboratoiresosma.com\/es\/trabajos-por-encargo\/\" \/>\n<meta property=\"og:locale\" content=\"es_ES\" \/>\n<meta property=\"og:type\" content=\"article\" \/>\n<meta property=\"og:title\" content=\"cosmeticos y piedra de alumbre fabricados en Francia a su marca\" \/>\n<meta property=\"og:description\" content=\"Descubra nuestro saber hacer: cosm\u00e9tica natural y ecol\u00f3gica, piedra de alumbre ... cont\u00e1ctenos para conocer los productos de su marca\" \/>\n<meta property=\"og:url\" content=\"https:\/\/www.laboratoiresosma.com\/es\/trabajos-por-encargo\/\" \/>\n<meta property=\"og:site_name\" content=\"Piedra de alumbre\" \/>\n<meta property=\"article:publisher\" content=\"https:\/\/www.facebook.com\/LaboratoiresOsma\/\" \/>\n<meta property=\"article:modified_time\" content=\"2021-05-19T10:58:28+00:00\" \/>\n<meta property=\"og:image\" content=\"https:\/\/www.laboratoiresosma.com\/wp-content\/uploads\/2016\/04\/iconpdf-e1460125669418.png\" \/>\n<meta name=\"twitter:card\" content=\"summary_large_image\" \/>\n<meta name=\"twitter:site\" content=\"@LaboratoireOsma\" \/>\n<meta name=\"twitter:label1\" content=\"Est. reading time\" \/>\n\t<meta name=\"twitter:data1\" content=\"2 minutes\" \/>\n<script type=\"application\/ld+json\" class=\"yoast-schema-graph\">{\"@context\":\"https:\/\/schema.org\",\"@graph\":[{\"@type\":\"WebPage\",\"@id\":\"https:\/\/www.laboratoiresosma.com\/es\/trabajos-por-encargo\/\",\"url\":\"https:\/\/www.laboratoiresosma.com\/es\/trabajos-por-encargo\/\",\"name\":\"cosmeticos y piedra de alumbre fabricados en Francia a su marca\",\"isPartOf\":{\"@id\":\"https:\/\/www.laboratoiresosma.com\/#website\"},\"datePublished\":\"2016-09-07T11:16:45+00:00\",\"dateModified\":\"2021-05-19T10:58:28+00:00\",\"description\":\"Descubra nuestro saber hacer: cosm\u00e9tica natural y ecol\u00f3gica, piedra de alumbre ... cont\u00e1ctenos para conocer los productos de su marca\",\"breadcrumb\":{\"@id\":\"https:\/\/www.laboratoiresosma.com\/es\/trabajos-por-encargo\/#breadcrumb\"},\"inLanguage\":\"es-ES\",\"potentialAction\":[{\"@type\":\"ReadAction\",\"target\":[\"https:\/\/www.laboratoiresosma.com\/es\/trabajos-por-encargo\/\"]}]},{\"@type\":\"BreadcrumbList\",\"@id\":\"https:\/\/www.laboratoiresosma.com\/es\/trabajos-por-encargo\/#breadcrumb\",\"itemListElement\":[{\"@type\":\"ListItem\",\"position\":1,\"name\":\"Accueil\",\"item\":\"https:\/\/www.laboratoiresosma.com\/es\/\"},{\"@type\":\"ListItem\",\"position\":2,\"name\":\"Trabajos por encargo\"}]},{\"@type\":\"WebSite\",\"@id\":\"https:\/\/www.laboratoiresosma.com\/#website\",\"url\":\"https:\/\/www.laboratoiresosma.com\/\",\"name\":\"Piedra de alumbre\",\"description\":\"Piedra d'alumbre  - Riesgo - Fabricaci\u00f3n - Alumbre natural\",\"publisher\":{\"@id\":\"https:\/\/www.laboratoiresosma.com\/#organization\"},\"potentialAction\":[{\"@type\":\"SearchAction\",\"target\":{\"@type\":\"EntryPoint\",\"urlTemplate\":\"https:\/\/www.laboratoiresosma.com\/?s={search_term_string}\"},\"query-input\":\"required name=search_term_string\"}],\"inLanguage\":\"es-ES\"},{\"@type\":\"Organization\",\"@id\":\"https:\/\/www.laboratoiresosma.com\/#organization\",\"name\":\"Laboratoires Osma\",\"url\":\"https:\/\/www.laboratoiresosma.com\/\",\"logo\":{\"@type\":\"ImageObject\",\"inLanguage\":\"es-ES\",\"@id\":\"https:\/\/www.laboratoiresosma.com\/#\/schema\/logo\/image\/\",\"url\":\"https:\/\/www.laboratoiresosma.com\/wp-content\/uploads\/2023\/11\/cropped-LOGOOSMA-DISTRIBUTION-512-512.jpg\",\"contentUrl\":\"https:\/\/www.laboratoiresosma.com\/wp-content\/uploads\/2023\/11\/cropped-LOGOOSMA-DISTRIBUTION-512-512.jpg\",\"width\":512,\"height\":512,\"caption\":\"Laboratoires Osma\"},\"image\":{\"@id\":\"https:\/\/www.laboratoiresosma.com\/#\/schema\/logo\/image\/\"},\"sameAs\":[\"https:\/\/www.facebook.com\/LaboratoiresOsma\/\",\"https:\/\/twitter.com\/LaboratoireOsma\",\"https:\/\/www.instagram.com\/laboratoiresosma\/\",\"https:\/\/www.pinterest.fr\/laboratoireso\/\",\"https:\/\/www.linkedin.com\/company\/69502869\"]}]}<\/script>\n<!-- \/ Yoast SEO plugin. -->","yoast_head_json":{"title":"cosmeticos y piedra de alumbre fabricados en Francia a su marca","description":"Descubra nuestro saber hacer: cosm\u00e9tica natural y ecol\u00f3gica, piedra de alumbre ... cont\u00e1ctenos para conocer los productos de su marca","robots":{"index":"index","follow":"follow","max-snippet":"max-snippet:-1","max-image-preview":"max-image-preview:large","max-video-preview":"max-video-preview:-1"},"canonical":"https:\/\/www.laboratoiresosma.com\/es\/trabajos-por-encargo\/","og_locale":"es_ES","og_type":"article","og_title":"cosmeticos y piedra de alumbre fabricados en Francia a su marca","og_description":"Descubra nuestro saber hacer: cosm\u00e9tica natural y ecol\u00f3gica, piedra de alumbre ... cont\u00e1ctenos para conocer los productos de su marca","og_url":"https:\/\/www.laboratoiresosma.com\/es\/trabajos-por-encargo\/","og_site_name":"Piedra de alumbre","article_publisher":"https:\/\/www.facebook.com\/LaboratoiresOsma\/","article_modified_time":"2021-05-19T10:58:28+00:00","og_image":[{"url":"https:\/\/www.laboratoiresosma.com\/wp-content\/uploads\/2016\/04\/iconpdf-e1460125669418.png"}],"twitter_card":"summary_large_image","twitter_site":"@LaboratoireOsma","twitter_misc":{"Est. reading time":"2 minutes"},"schema":{"@context":"https:\/\/schema.org","@graph":[{"@type":"WebPage","@id":"https:\/\/www.laboratoiresosma.com\/es\/trabajos-por-encargo\/","url":"https:\/\/www.laboratoiresosma.com\/es\/trabajos-por-encargo\/","name":"cosmeticos y piedra de alumbre fabricados en Francia a su marca","isPartOf":{"@id":"https:\/\/www.laboratoiresosma.com\/#website"},"datePublished":"2016-09-07T11:16:45+00:00","dateModified":"2021-05-19T10:58:28+00:00","description":"Descubra nuestro saber hacer: cosm\u00e9tica natural y ecol\u00f3gica, piedra de alumbre ... cont\u00e1ctenos para conocer los productos de su marca","breadcrumb":{"@id":"https:\/\/www.laboratoiresosma.com\/es\/trabajos-por-encargo\/#breadcrumb"},"inLanguage":"es-ES","potentialAction":[{"@type":"ReadAction","target":["https:\/\/www.laboratoiresosma.com\/es\/trabajos-por-encargo\/"]}]},{"@type":"BreadcrumbList","@id":"https:\/\/www.laboratoiresosma.com\/es\/trabajos-por-encargo\/#breadcrumb","itemListElement":[{"@type":"ListItem","position":1,"name":"Accueil","item":"https:\/\/www.laboratoiresosma.com\/es\/"},{"@type":"ListItem","position":2,"name":"Trabajos por encargo"}]},{"@type":"WebSite","@id":"https:\/\/www.laboratoiresosma.com\/#website","url":"https:\/\/www.laboratoiresosma.com\/","name":"Piedra de alumbre","description":"Piedra d'alumbre  - Riesgo - Fabricaci\u00f3n - Alumbre natural","publisher":{"@id":"https:\/\/www.laboratoiresosma.com\/#organization"},"potentialAction":[{"@type":"SearchAction","target":{"@type":"EntryPoint","urlTemplate":"https:\/\/www.laboratoiresosma.com\/?s={search_term_string}"},"query-input":"required name=search_term_string"}],"inLanguage":"es-ES"},{"@type":"Organization","@id":"https:\/\/www.laboratoiresosma.com\/#organization","name":"Laboratoires Osma","url":"https:\/\/www.laboratoiresosma.com\/","logo":{"@type":"ImageObject","inLanguage":"es-ES","@id":"https:\/\/www.laboratoiresosma.com\/#\/schema\/logo\/image\/","url":"https:\/\/www.laboratoiresosma.com\/wp-content\/uploads\/2023\/11\/cropped-LOGOOSMA-DISTRIBUTION-512-512.jpg","contentUrl":"https:\/\/www.laboratoiresosma.com\/wp-content\/uploads\/2023\/11\/cropped-LOGOOSMA-DISTRIBUTION-512-512.jpg","width":512,"height":512,"caption":"Laboratoires Osma"},"image":{"@id":"https:\/\/www.laboratoiresosma.com\/#\/schema\/logo\/image\/"},"sameAs":["https:\/\/www.facebook.com\/LaboratoiresOsma\/","https:\/\/twitter.com\/LaboratoireOsma","https:\/\/www.instagram.com\/laboratoiresosma\/","https:\/\/www.pinterest.fr\/laboratoireso\/","https:\/\/www.linkedin.com\/company\/69502869"]}]}},"_links":{"self":[{"href":"https:\/\/www.laboratoiresosma.com\/es\/wp-json\/wp\/v2\/pages\/486"}],"collection":[{"href":"https:\/\/www.laboratoiresosma.com\/es\/wp-json\/wp\/v2\/pages"}],"about":[{"href":"https:\/\/www.laboratoiresosma.com\/es\/wp-json\/wp\/v2\/types\/page"}],"author":[{"embeddable":true,"href":"https:\/\/www.laboratoiresosma.com\/es\/wp-json\/wp\/v2\/users\/1"}],"replies":[{"embeddable":true,"href":"https:\/\/www.laboratoiresosma.com\/es\/wp-json\/wp\/v2\/comments?post=486"}],"version-history":[{"count":2,"href":"https:\/\/www.laboratoiresosma.com\/es\/wp-json\/wp\/v2\/pages\/486\/revisions"}],"predecessor-version":[{"id":1529,"href":"https:\/\/www.laboratoiresosma.com\/es\/wp-json\/wp\/v2\/pages\/486\/revisions\/1529"}],"wp:attachment":[{"href":"https:\/\/www.laboratoiresosma.com\/es\/wp-json\/wp\/v2\/media?parent=486"}],"curies":[{"name":"wp","href":"https:\/\/api.w.org\/{rel}","templated":true}]}}