{"id":485,"date":"2016-09-07T12:08:53","date_gmt":"2016-09-07T11:08:53","guid":{"rendered":"http:\/\/www.laboratoiresosma.com\/es\/?page_id=485"},"modified":"2021-05-19T11:53:48","modified_gmt":"2021-05-19T10:53:48","slug":"la-empresa","status":"publish","type":"page","link":"https:\/\/www.laboratoiresosma.com\/es\/la-empresa\/","title":{"rendered":"La empresa"},"content":{"rendered":"<p>[et_pb_section fb_built=&#8221;1&#8243; admin_label=&#8221;section&#8221; _builder_version=&#8221;3.22&#8243;][et_pb_row admin_label=&#8221;row&#8221; _builder_version=&#8221;3.25&#8243; background_size=&#8221;initial&#8221; background_position=&#8221;top_left&#8221; background_repeat=&#8221;repeat&#8221;][et_pb_column type=&#8221;4_4&#8243; _builder_version=&#8221;3.25&#8243; custom_padding=&#8221;|||&#8221; custom_padding__hover=&#8221;|||&#8221;][et_pb_text admin_label=&#8221;Texte&#8221; _builder_version=&#8221;4.9.1&#8243; background_size=&#8221;initial&#8221; background_position=&#8221;top_left&#8221; background_repeat=&#8221;repeat&#8221; hover_enabled=&#8221;0&#8243; use_border_color=&#8221;off&#8221; border_color=&#8221;#ffffff&#8221; border_style=&#8221;solid&#8221; sticky_enabled=&#8221;0&#8243;]<\/p>\n<h1>Laboratoires Osma &#8211; Cosmeticos naturales desde 1957<\/h1>\n<p>[\/et_pb_text][et_pb_button url_new_window=&#8221;on&#8221; button_text=&#8221;VISITA NUESTRA TIENDA&#8221; _builder_version=&#8221;4.9.1&#8243; _module_preset=&#8221;default&#8221; background_layout=&#8221;dark&#8221;][\/et_pb_button][\/et_pb_column][\/et_pb_row][et_pb_row admin_label=&#8221;Ligne&#8221; _builder_version=&#8221;3.25&#8243; background_size=&#8221;initial&#8221; background_position=&#8221;top_left&#8221; background_repeat=&#8221;repeat&#8221;][et_pb_column type=&#8221;4_4&#8243; _builder_version=&#8221;3.25&#8243; custom_padding=&#8221;|||&#8221; custom_padding__hover=&#8221;|||&#8221;][et_pb_text admin_label=&#8221;Texte&#8221; _builder_version=&#8221;4.9.1&#8243; background_size=&#8221;initial&#8221; background_position=&#8221;top_left&#8221; background_repeat=&#8221;repeat&#8221; hover_enabled=&#8221;0&#8243; use_border_color=&#8221;off&#8221; border_color=&#8221;#ffffff&#8221; border_style=&#8221;solid&#8221; sticky_enabled=&#8221;0&#8243;]<\/p>\n<h2>Desde1957<\/h2>\n<p>Los Laboratorios OSMA llevan m\u00e1s de 50 a\u00f1os dando forma a productos a base de alumbre pot\u00e1sico natural, y es con respeto a este mineral que Laboratorios OSMA seleccionan cuidadosamente el alumbre pot\u00e1sico que ser\u00e1 purificado y reelaborado por artesanos en sus talleres para obtener piedras de alumbre de calidad. controlado en todas las etapas de producci\u00f3n.<\/p>\n<p>Bas\u00e1ndose en esta experiencia, Osma Laboratories tambi\u00e9n ha estado desarrollando productos formulados naturales y org\u00e1nicos durante m\u00e1s de 20 a\u00f1os.<\/p>\n<p>Con sede en la regi\u00f3n de Lyon, los Laboratoires Osma siempre han mantenido su fabricaci\u00f3n en Francia.<\/p>\n<h3>El amigo de los barberos<br \/><img loading=\"lazy\" decoding=\"async\" class=\" wp-image-209 alignright\" src=\"https:\/\/www.laboratoiresosma.com\/wp-content\/uploads\/2016\/04\/Tablette-Alun1NB-300x213.jpg\" alt=\"Tablette Alun1NB\" width=\"162\" height=\"115\" \/><\/h3>\n<p>Cuando se cre\u00f3 y hasta principios de la d\u00e9cada de 1980, Laboratoires Osma ofrec\u00eda principalmente productos de afeitado.<\/p>\n<p>La calidad de sus productos terminados fue reconocida r\u00e1pidamente y el bloque Osma se convirti\u00f3 en el amigo de los barberos que lo usaban despu\u00e9s de cada afeitado para aliviar las quemaduras de afeitar y reparar peque\u00f1os errores de afeitado &#8230;<\/p>\n<h3>Una oferta diversificada<br \/><img loading=\"lazy\" decoding=\"async\" class=\" wp-image-231 alignright\" src=\"https:\/\/www.laboratoiresosma.com\/wp-content\/uploads\/2016\/04\/rasageNB-212x300.jpg\" alt=\"rasageNB\" width=\"108\" height=\"153\" srcset=\"https:\/\/www.laboratoiresosma.com\/wp-content\/uploads\/2016\/04\/rasageNB-212x300.jpg 212w, https:\/\/www.laboratoiresosma.com\/wp-content\/uploads\/2016\/04\/rasageNB-768x1087.jpg 768w, https:\/\/www.laboratoiresosma.com\/wp-content\/uploads\/2016\/04\/rasageNB-724x1024.jpg 724w, https:\/\/www.laboratoiresosma.com\/wp-content\/uploads\/2016\/04\/rasageNB.jpg 565w\" sizes=\"(max-width: 108px) 100vw, 108px\" \/><\/h3>\n<p>Una vez reconocida su piedra de alumbre, Laboratoires Osma diversifica su oferta ofreciendo un l\u00e1piz hemost\u00e1tico dedicado a peque\u00f1os cortes durante el afeitado.<\/p>\n<p>Su formato de l\u00e1piz ha perdurado en el tiempo y todav\u00eda ofrece una eficiencia incomparable en la actualidad.<\/p>\n<h3>Desodorante<\/h3>\n<p>No fue hasta mediados de la d\u00e9cada de 1980, bajo el liderazgo del nuevo gerente, que Laboratoires Osma decidi\u00f3 explotar las virtudes desodorantes de piedra de alumbre.<\/p>\n<p>Cortado a mano, con un aspecto muy &#8220;crudo&#8221;, Laboratoires Osma ofrece inicialmente bloques de alumbre de 150 a 250 g.<br \/>A partir de los a\u00f1os 90 y 2000, los Laboratorios Osma se dedicar\u00e1n a ofrecer formatos cada vez m\u00e1s variados de piedras de alumbre, y ahora incluir\u00e1n productos formulados integrando alumbre natural.<\/p>\n<h3>Una oferta completa<\/h3>\n<p>Es a trav\u00e9s de sus experiencias, y gracias al saber hacer adquirido por varias generaciones que Laboratoires Osma, hoy ofrece gamas completas de productos destinados a la higiene diaria, pero tambi\u00e9n productos de afeitado, todos reconocidos por su alt\u00edsima calidad.<\/p>\n<p>Es a trav\u00e9s de su fabricaci\u00f3n, pero tambi\u00e9n de sus marcas (Aluna, Osma Tradition &#8230;) que Osma Laboratories pone a tu disposici\u00f3n una completa gama de productos cosm\u00e9ticos naturales y ecol\u00f3gicos.<\/p>\n<p>[\/et_pb_text][et_pb_text admin_label=&#8221;Texte&#8221; _builder_version=&#8221;3.27.4&#8243; background_size=&#8221;initial&#8221; background_position=&#8221;top_left&#8221; background_repeat=&#8221;repeat&#8221; text_orientation=&#8221;right&#8221; use_border_color=&#8221;off&#8221; border_color=&#8221;#ffffff&#8221; border_style=&#8221;solid&#8221; saved_tabs=&#8221;all&#8221;] <div class=\"printfriendly pf-button  pf-alignleft\"><a href=\"https:\/\/www.laboratoiresosma.com\/es\/la-empresa\/?pfstyle=wp\" rel=\"nofollow\"  title=\"Printer Friendly, PDF & Email\"><img decoding=\"async\" class=\"pf-button-img\" src=\"https:\/\/cdn.printfriendly.com\/buttons\/printfriendly-pdf-button-nobg-md.png\" alt=\"Print Friendly, PDF & Email\" style=\"width: 124px;height: 30px;\"  \/><\/a><\/div> [\/et_pb_text][\/et_pb_column][\/et_pb_row][\/et_pb_section]<\/p>\n","protected":false},"excerpt":{"rendered":"<p>Laboratoires Osma &#8211; Cosmeticos naturales desde 1957Desde1957 Los Laboratorios OSMA llevan m\u00e1s de 50 a\u00f1os dando forma a productos a base de alumbre pot\u00e1sico natural, y es con respeto a este mineral que Laboratorios OSMA seleccionan cuidadosamente el alumbre pot\u00e1sico que ser\u00e1 purificado y reelaborado por artesanos en sus talleres para obtener piedras de alumbre [&hellip;]<\/p>\n","protected":false},"author":1,"featured_media":0,"parent":0,"menu_order":0,"comment_status":"closed","ping_status":"closed","template":"","meta":{"_et_pb_use_builder":"on","_et_pb_old_content":"","_et_gb_content_width":"","footnotes":""},"yoast_head":"<!-- This site is optimized with the Yoast SEO plugin v21.3 - https:\/\/yoast.com\/wordpress\/plugins\/seo\/ -->\n<title>Laboratoires Osma : Piedra de alumbre y cosmeticos naturales<\/title>\n<meta name=\"description\" content=\"Laboratoires Osma : Piedra de alumbre y cosmeticos naturales desde 1957, desodorantes, produtso por el afeitado, cosmeticos biologicos\" \/>\n<meta name=\"robots\" content=\"index, follow, max-snippet:-1, max-image-preview:large, max-video-preview:-1\" \/>\n<link rel=\"canonical\" href=\"https:\/\/www.laboratoiresosma.com\/es\/la-empresa\/\" \/>\n<meta property=\"og:locale\" content=\"es_ES\" \/>\n<meta property=\"og:type\" content=\"article\" \/>\n<meta property=\"og:title\" content=\"Laboratoires Osma : Piedra de alumbre y cosmeticos naturales\" \/>\n<meta property=\"og:description\" content=\"Laboratoires Osma : Piedra de alumbre y cosmeticos naturales desde 1957, desodorantes, produtso por el afeitado, cosmeticos biologicos\" \/>\n<meta property=\"og:url\" content=\"https:\/\/www.laboratoiresosma.com\/es\/la-empresa\/\" \/>\n<meta property=\"og:site_name\" content=\"Piedra de alumbre\" \/>\n<meta property=\"article:publisher\" content=\"https:\/\/www.facebook.com\/LaboratoiresOsma\/\" \/>\n<meta property=\"article:modified_time\" content=\"2021-05-19T10:53:48+00:00\" \/>\n<meta property=\"og:image\" content=\"https:\/\/www.laboratoiresosma.com\/wp-content\/uploads\/2016\/04\/Tablette-Alun1NB-300x213.jpg\" \/>\n<meta name=\"twitter:card\" content=\"summary_large_image\" \/>\n<meta name=\"twitter:site\" content=\"@LaboratoireOsma\" \/>\n<meta name=\"twitter:label1\" content=\"Est. reading time\" \/>\n\t<meta name=\"twitter:data1\" content=\"3 minutes\" \/>\n<script type=\"application\/ld+json\" class=\"yoast-schema-graph\">{\"@context\":\"https:\/\/schema.org\",\"@graph\":[{\"@type\":\"WebPage\",\"@id\":\"https:\/\/www.laboratoiresosma.com\/es\/la-empresa\/\",\"url\":\"https:\/\/www.laboratoiresosma.com\/es\/la-empresa\/\",\"name\":\"Laboratoires Osma : Piedra de alumbre y cosmeticos naturales\",\"isPartOf\":{\"@id\":\"https:\/\/www.laboratoiresosma.com\/#website\"},\"datePublished\":\"2016-09-07T11:08:53+00:00\",\"dateModified\":\"2021-05-19T10:53:48+00:00\",\"description\":\"Laboratoires Osma : Piedra de alumbre y cosmeticos naturales desde 1957, desodorantes, produtso por el afeitado, cosmeticos biologicos\",\"breadcrumb\":{\"@id\":\"https:\/\/www.laboratoiresosma.com\/es\/la-empresa\/#breadcrumb\"},\"inLanguage\":\"es-ES\",\"potentialAction\":[{\"@type\":\"ReadAction\",\"target\":[\"https:\/\/www.laboratoiresosma.com\/es\/la-empresa\/\"]}]},{\"@type\":\"BreadcrumbList\",\"@id\":\"https:\/\/www.laboratoiresosma.com\/es\/la-empresa\/#breadcrumb\",\"itemListElement\":[{\"@type\":\"ListItem\",\"position\":1,\"name\":\"Accueil\",\"item\":\"https:\/\/www.laboratoiresosma.com\/es\/\"},{\"@type\":\"ListItem\",\"position\":2,\"name\":\"La empresa\"}]},{\"@type\":\"WebSite\",\"@id\":\"https:\/\/www.laboratoiresosma.com\/#website\",\"url\":\"https:\/\/www.laboratoiresosma.com\/\",\"name\":\"Piedra de alumbre\",\"description\":\"Piedra d'alumbre  - Riesgo - Fabricaci\u00f3n - Alumbre natural\",\"publisher\":{\"@id\":\"https:\/\/www.laboratoiresosma.com\/#organization\"},\"potentialAction\":[{\"@type\":\"SearchAction\",\"target\":{\"@type\":\"EntryPoint\",\"urlTemplate\":\"https:\/\/www.laboratoiresosma.com\/?s={search_term_string}\"},\"query-input\":\"required name=search_term_string\"}],\"inLanguage\":\"es-ES\"},{\"@type\":\"Organization\",\"@id\":\"https:\/\/www.laboratoiresosma.com\/#organization\",\"name\":\"Laboratoires Osma\",\"url\":\"https:\/\/www.laboratoiresosma.com\/\",\"logo\":{\"@type\":\"ImageObject\",\"inLanguage\":\"es-ES\",\"@id\":\"https:\/\/www.laboratoiresosma.com\/#\/schema\/logo\/image\/\",\"url\":\"https:\/\/www.laboratoiresosma.com\/wp-content\/uploads\/2023\/11\/cropped-LOGOOSMA-DISTRIBUTION-512-512.jpg\",\"contentUrl\":\"https:\/\/www.laboratoiresosma.com\/wp-content\/uploads\/2023\/11\/cropped-LOGOOSMA-DISTRIBUTION-512-512.jpg\",\"width\":512,\"height\":512,\"caption\":\"Laboratoires Osma\"},\"image\":{\"@id\":\"https:\/\/www.laboratoiresosma.com\/#\/schema\/logo\/image\/\"},\"sameAs\":[\"https:\/\/www.facebook.com\/LaboratoiresOsma\/\",\"https:\/\/twitter.com\/LaboratoireOsma\",\"https:\/\/www.instagram.com\/laboratoiresosma\/\",\"https:\/\/www.pinterest.fr\/laboratoireso\/\",\"https:\/\/www.linkedin.com\/company\/69502869\"]}]}<\/script>\n<!-- \/ Yoast SEO plugin. -->","yoast_head_json":{"title":"Laboratoires Osma : Piedra de alumbre y cosmeticos naturales","description":"Laboratoires Osma : Piedra de alumbre y cosmeticos naturales desde 1957, desodorantes, produtso por el afeitado, cosmeticos biologicos","robots":{"index":"index","follow":"follow","max-snippet":"max-snippet:-1","max-image-preview":"max-image-preview:large","max-video-preview":"max-video-preview:-1"},"canonical":"https:\/\/www.laboratoiresosma.com\/es\/la-empresa\/","og_locale":"es_ES","og_type":"article","og_title":"Laboratoires Osma : Piedra de alumbre y cosmeticos naturales","og_description":"Laboratoires Osma : Piedra de alumbre y cosmeticos naturales desde 1957, desodorantes, produtso por el afeitado, cosmeticos biologicos","og_url":"https:\/\/www.laboratoiresosma.com\/es\/la-empresa\/","og_site_name":"Piedra de alumbre","article_publisher":"https:\/\/www.facebook.com\/LaboratoiresOsma\/","article_modified_time":"2021-05-19T10:53:48+00:00","og_image":[{"url":"https:\/\/www.laboratoiresosma.com\/wp-content\/uploads\/2016\/04\/Tablette-Alun1NB-300x213.jpg"}],"twitter_card":"summary_large_image","twitter_site":"@LaboratoireOsma","twitter_misc":{"Est. reading time":"3 minutes"},"schema":{"@context":"https:\/\/schema.org","@graph":[{"@type":"WebPage","@id":"https:\/\/www.laboratoiresosma.com\/es\/la-empresa\/","url":"https:\/\/www.laboratoiresosma.com\/es\/la-empresa\/","name":"Laboratoires Osma : Piedra de alumbre y cosmeticos naturales","isPartOf":{"@id":"https:\/\/www.laboratoiresosma.com\/#website"},"datePublished":"2016-09-07T11:08:53+00:00","dateModified":"2021-05-19T10:53:48+00:00","description":"Laboratoires Osma : Piedra de alumbre y cosmeticos naturales desde 1957, desodorantes, produtso por el afeitado, cosmeticos biologicos","breadcrumb":{"@id":"https:\/\/www.laboratoiresosma.com\/es\/la-empresa\/#breadcrumb"},"inLanguage":"es-ES","potentialAction":[{"@type":"ReadAction","target":["https:\/\/www.laboratoiresosma.com\/es\/la-empresa\/"]}]},{"@type":"BreadcrumbList","@id":"https:\/\/www.laboratoiresosma.com\/es\/la-empresa\/#breadcrumb","itemListElement":[{"@type":"ListItem","position":1,"name":"Accueil","item":"https:\/\/www.laboratoiresosma.com\/es\/"},{"@type":"ListItem","position":2,"name":"La empresa"}]},{"@type":"WebSite","@id":"https:\/\/www.laboratoiresosma.com\/#website","url":"https:\/\/www.laboratoiresosma.com\/","name":"Piedra de alumbre","description":"Piedra d'alumbre  - Riesgo - Fabricaci\u00f3n - Alumbre natural","publisher":{"@id":"https:\/\/www.laboratoiresosma.com\/#organization"},"potentialAction":[{"@type":"SearchAction","target":{"@type":"EntryPoint","urlTemplate":"https:\/\/www.laboratoiresosma.com\/?s={search_term_string}"},"query-input":"required name=search_term_string"}],"inLanguage":"es-ES"},{"@type":"Organization","@id":"https:\/\/www.laboratoiresosma.com\/#organization","name":"Laboratoires Osma","url":"https:\/\/www.laboratoiresosma.com\/","logo":{"@type":"ImageObject","inLanguage":"es-ES","@id":"https:\/\/www.laboratoiresosma.com\/#\/schema\/logo\/image\/","url":"https:\/\/www.laboratoiresosma.com\/wp-content\/uploads\/2023\/11\/cropped-LOGOOSMA-DISTRIBUTION-512-512.jpg","contentUrl":"https:\/\/www.laboratoiresosma.com\/wp-content\/uploads\/2023\/11\/cropped-LOGOOSMA-DISTRIBUTION-512-512.jpg","width":512,"height":512,"caption":"Laboratoires Osma"},"image":{"@id":"https:\/\/www.laboratoiresosma.com\/#\/schema\/logo\/image\/"},"sameAs":["https:\/\/www.facebook.com\/LaboratoiresOsma\/","https:\/\/twitter.com\/LaboratoireOsma","https:\/\/www.instagram.com\/laboratoiresosma\/","https:\/\/www.pinterest.fr\/laboratoireso\/","https:\/\/www.linkedin.com\/company\/69502869"]}]}},"_links":{"self":[{"href":"https:\/\/www.laboratoiresosma.com\/es\/wp-json\/wp\/v2\/pages\/485"}],"collection":[{"href":"https:\/\/www.laboratoiresosma.com\/es\/wp-json\/wp\/v2\/pages"}],"about":[{"href":"https:\/\/www.laboratoiresosma.com\/es\/wp-json\/wp\/v2\/types\/page"}],"author":[{"embeddable":true,"href":"https:\/\/www.laboratoiresosma.com\/es\/wp-json\/wp\/v2\/users\/1"}],"replies":[{"embeddable":true,"href":"https:\/\/www.laboratoiresosma.com\/es\/wp-json\/wp\/v2\/comments?post=485"}],"version-history":[{"count":3,"href":"https:\/\/www.laboratoiresosma.com\/es\/wp-json\/wp\/v2\/pages\/485\/revisions"}],"predecessor-version":[{"id":1526,"href":"https:\/\/www.laboratoiresosma.com\/es\/wp-json\/wp\/v2\/pages\/485\/revisions\/1526"}],"wp:attachment":[{"href":"https:\/\/www.laboratoiresosma.com\/es\/wp-json\/wp\/v2\/media?parent=485"}],"curies":[{"name":"wp","href":"https:\/\/api.w.org\/{rel}","templated":true}]}}