{"id":484,"date":"2016-09-07T12:08:40","date_gmt":"2016-09-07T11:08:40","guid":{"rendered":"http:\/\/www.laboratoiresosma.com\/es\/?page_id=484"},"modified":"2021-05-19T11:17:51","modified_gmt":"2021-05-19T10:17:51","slug":"piedra-de-alumbre-saber-mas","status":"publish","type":"page","link":"https:\/\/www.laboratoiresosma.com\/es\/piedra-de-alumbre-saber-mas\/","title":{"rendered":"Piedra de Alumbre: Saber m\u00e1s"},"content":{"rendered":"<p>[et_pb_section fb_built=&#8221;1&#8243; admin_label=&#8221;section&#8221; _builder_version=&#8221;3.22&#8243;][et_pb_row admin_label=&#8221;row&#8221; _builder_version=&#8221;3.25&#8243; background_size=&#8221;initial&#8221; background_position=&#8221;top_left&#8221; background_repeat=&#8221;repeat&#8221;][et_pb_column type=&#8221;4_4&#8243; _builder_version=&#8221;3.25&#8243; custom_padding=&#8221;|||&#8221; custom_padding__hover=&#8221;|||&#8221;][et_pb_text admin_label=&#8221;Texte&#8221; _builder_version=&#8221;4.9.1&#8243; background_size=&#8221;initial&#8221; background_position=&#8221;top_left&#8221; background_repeat=&#8221;repeat&#8221; use_border_color=&#8221;off&#8221; border_color=&#8221;#ffffff&#8221; border_style=&#8221;solid&#8221;]<\/p>\n<h1>Pierre d&#8217;alun &#8211; Saber mas<\/h1>\n<p>[\/et_pb_text][et_pb_button button_url=&#8221;http:\/\/www.boutique-osma.com&#8221; url_new_window=&#8221;on&#8221; button_text=&#8221;VISTA NUESTRA TIENDA&#8221; _builder_version=&#8221;4.9.1&#8243; _module_preset=&#8221;default&#8221; background_layout=&#8221;dark&#8221;][\/et_pb_button][\/et_pb_column][\/et_pb_row][et_pb_row admin_label=&#8221;Ligne&#8221; _builder_version=&#8221;3.25&#8243; background_size=&#8221;initial&#8221; background_position=&#8221;top_left&#8221; background_repeat=&#8221;repeat&#8221;][et_pb_column type=&#8221;4_4&#8243; _builder_version=&#8221;3.25&#8243; custom_padding=&#8221;|||&#8221; custom_padding__hover=&#8221;|||&#8221;][et_pb_text admin_label=&#8221;Texte&#8221; _builder_version=&#8221;4.9.1&#8243; background_size=&#8221;initial&#8221; background_position=&#8221;top_left&#8221; background_repeat=&#8221;repeat&#8221; hover_enabled=&#8221;0&#8243; use_border_color=&#8221;off&#8221; border_color=&#8221;#ffffff&#8221; border_style=&#8221;solid&#8221; sticky_enabled=&#8221;0&#8243;]<\/p>\n<h3>Un poco de historia<\/h3>\n<p>Las propiedades del alumbre de potasio se conocen desde hace varios milenios antes de Jesucristo, e incluso se menciona en un papiro egipcio.<br \/>Utilizado desde la antig\u00fcedad por griegos y romanos como cosm\u00e9tico y en la industria del te\u00f1ido donde se utilizaba para fijar colores.<br \/>Posteriormente, la piedra de alumbre se ha utilizado mucho a lo largo de los siglos en diversos sectores, como la medicina, la curtidur\u00eda, el tratamiento del agua.<\/p>\n<h3>El alumbre en cuesti\u00f3n<\/h3>\n<p>El alumbre de potasio es el \u00fanico alumbre natural verdadero, hoy en d\u00eda encontramos productos a base de alumbre de amonio, que es un alumbre sint\u00e9tico.<br \/>\u201cEl alumbre se encuentra naturalmente en muchos lugares, donde se forma por la reacci\u00f3n de sustancias sulfurosas, aluminosas y alcalinas. Roza la superficie del suelo mezclado con otras tierras; por tanto, se encuentra en abundancia en los desiertos de Egipto \u201d(Seg\u00fan un art\u00edculo publicado en 1835).<br \/>El alumbre de origen natural se obtiene de un mineral extra\u00eddo de una cantera de alunita. Luego se purifica el mineral y se eliminan las impurezas gracias a las m\u00faltiples filtraciones naturales que se realizan. La recristalizaci\u00f3n en agua le da su forma final con una pureza cercana al 100%. Es esta forma de alumbre la que se utiliza para fabricar productos cosm\u00e9ticos de los laboratorios OSMA.<\/p>\n<h3>Alumbre : peligro?<\/h3>\n<p>Hemos visto el cuestionamiento de la piedra de alumbre como una sal de aluminio y, por tanto, como un producto peligroso para la salud.<br \/>Hemos le\u00eddo conclusiones como: una persona que usa piedra de alumbre tiene trazas de aluminio en la orina, por lo que la piedra de alumbre pasa en grandes cantidades por el cuerpo.<br \/>A t\u00edtulo informativo, el aluminio es un metal omnipresente, es decir presente en casi todas partes de nuestro entorno (agua, aire, alimentos &#8230;), extra\u00eddo de tales conclusiones no puede tomarse como prueba cient\u00edfica.<br \/>De hecho, no hay pruebas de que las trazas de aluminio encontradas provengan de la piedra de alumbre y no de otros h\u00e1bitos diarios de las personas examinadas.<br \/>Como \u00faltimo fabricante franc\u00e9s de piedras de alumbre desde 1957, nunca hemos ocultado la presencia de un sulfato de aluminio en la piedra de alumbre natural. Sin embargo, esto requiere algunas aclaraciones.<br \/>El porcentaje de aluminio en la Piedra de Alumbre Natural de los Laboratorios Osma es una parte muy peque\u00f1a de su composici\u00f3n.<br \/>Adem\u00e1s, el uso de Piedra de Alumbre de los Laboratorios Osma debe utilizarse humedeciendo la piedra, por lo que el producto que se deposita sobre la piel contiene una peque\u00f1a parte de aluminio que seg\u00fan nuestros c\u00e1lculos conjuntos est\u00e1 muy por debajo del umbral tolerado por la ANSM .<\/p>\n<p><a href=\"https:\/\/www.laboratoiresosma.com\/wp-content\/uploads\/2016\/04\/Pourcentage-daluminium-dans-lalun-appliqu\u00e9.pdf\">Pourcentage_d_aluminium_dans_l_alun_appliqu\u00e9.pdf<\/a><\/p>\n<p><a href=\"https:\/\/www.laboratoiresosma.com\/wp-content\/uploads\/2016\/04\/Pourcentage-daluminium-dans-lalun-appliqu\u00e9.pdf\" target=\"_blank\" rel=\"noopener\"><img loading=\"lazy\" decoding=\"async\" class=\"alignnone size-full wp-image-208\" src=\"https:\/\/www.laboratoiresosma.com\/wp-content\/uploads\/2016\/04\/iconpdf-e1460125669418.png\" alt=\"iconpdf\" width=\"50\" height=\"50\" \/><\/a><\/p>\n<p>Adem\u00e1s, la piedra de alumbre es un doble sulfato, potasio y aluminio. Por tanto, se asimila a una tipolog\u00eda de sales de aluminio pero diferente de los clorhidratos de aluminio. La distinci\u00f3n entre los dos es muy importante porque no solo la solubilidad es diferente sino tambi\u00e9n el tama\u00f1o de las mol\u00e9culas.<\/p>\n<h3>\u00bfSon peligrosas las sales de aluminio?<\/h3>\n<p>En un informe conjunto de AFSSAPS (Agencia Francesa para la Seguridad Sanitaria de los Productos Sanitarios) &#8211; AFSSA (Agencia Francesa para la Seguridad Sanitaria de los Alimentos) &#8211; INVS (Institut de Veille Sanitaire) en noviembre de 2003 las conclusiones formuladas en 1997 por la Organizaci\u00f3n Mundial de la Salud (OMS ) est\u00e1n confirmados: seg\u00fan los conocimientos actuales, las sales de aluminio utilizadas en productos cosm\u00e9ticos no pueden considerarse cancer\u00edgenas. Este informe tambi\u00e9n establece que &#8220;en el estado actual de los conocimientos, no se puede prever razonablemente una relaci\u00f3n causal&#8221; con la enfermedad de Alzheimer.<br \/>El 16 de diciembre de 2004, expertos de la Comisi\u00f3n de Cosmetolog\u00eda de AFSSAPS se pronunciaron &#8220;a favor de la inocuidad de los productos cosm\u00e9ticos que contienen aluminio&#8221;.<br \/>En 2008, un grupo de reconocidos expertos analiz\u00f3 los datos cient\u00edficos disponibles sobre el tema. Su conclusi\u00f3n, publicada en el Bulletin du Cancer, es inequ\u00edvoca. Confirma lo de las autoridades sanitarias: no existe evidencia cient\u00edfica que apoye la hip\u00f3tesis de un v\u00ednculo entre el c\u00e1ncer de mama y el uso de sales de aluminio.<br \/>&#8220;La conclusi\u00f3n del grupo de expertos coincide con las de las autoridades sanitarias francesas y estadounidenses. Tras el an\u00e1lisis de la literatura disponible sobre el tema, ninguna evidencia cient\u00edfica a favor de la hip\u00f3tesis se compromete a continuar en este camino de investigaci\u00f3n&#8221;.<br \/>Finalmente, varias organizaciones de investigaci\u00f3n del c\u00e1ncer (Cancer Research UK, The American Cancer Society) han confirmado durante los \u00faltimos dos a\u00f1os que los antitranspirantes no pueden considerarse una causa de c\u00e1ncer de mama.<br \/>En conclusi\u00f3n, el an\u00e1lisis de los datos cient\u00edficos disponibles considerados m\u00e1s robustos por las autoridades de salud p\u00fablica y los comit\u00e9s de expertos internacionales les ha permitido demostrar que no existen evidencias que apoyen la implicaci\u00f3n de las sales de aluminio en el c\u00e1ncer de mama o en la enfermedad de Alzheimer.<\/p>\n<h3>Entonces, \u00bfpor qu\u00e9 escucho que los desodorantes que contienen sales de aluminio son peligrosos para mi salud?<\/h3>\n<p>Debido a que los medios de comunicaci\u00f3n citaron recientemente dos estudios, se llevaron a cabo en la Universidad de Ginebra y en Poitiers.<\/p>\n<p>El estudio de la Universidad de Ginebra<br \/>El estudio de la Universidad de Ginebra es un estudio in vitro realizado en l\u00edneas de c\u00e9lulas mamarias humanas inmortalizadas. Su objetivo era averiguar si la exposici\u00f3n prolongada de estas c\u00e9lulas a las sales de aluminio favorec\u00eda la aparici\u00f3n de uno de los criterios para identificar una etapa temprana de cancerizaci\u00f3n. Despu\u00e9s de la exposici\u00f3n, estas c\u00e9lulas se inyectaron en ratones inmunodeficientes. Los resultados de este estudio muestran que los animales tratados no desarrollan tumores. Los \u00fanicos efectos observados son cambios en determinados biomarcadores a nivel celular, cuya extrapolaci\u00f3n se mantiene basada en hip\u00f3tesis.<br \/>Los propios autores concluyen que sus resultados no demuestran un v\u00ednculo entre la exposici\u00f3n al aluminio y el c\u00e1ncer de mama. Adem\u00e1s, admiten que en las pruebas bacterianas que se utilizan actualmente para evaluar el potencial mutag\u00e9nico de una sustancia, el aluminio no induce ning\u00fan efecto.<br \/>El estudio de Poitiers<br \/>Este estudio involucra un caso aislado de una persona con altos niveles de aluminio en la sangre combinados con fatiga severa y dolor de huesos. Despu\u00e9s de estudiar este caso, los autores del estudio concluyeron que estos trastornos estaban relacionados con el uso de un desodorante que contiene clorhidratos de aluminio.<br \/>Esta es solo la observaci\u00f3n de un caso aislado, otros casos similares nunca han sido reportados en la literatura cient\u00edfica desde esta publicaci\u00f3n en 2004. Por lo tanto, no tiene valor desde el punto de vista epidemiol\u00f3gico.<br \/>Desde un punto de vista general, la Agencia Nacional de Acreditaci\u00f3n y Evaluaci\u00f3n en Salud (ANAES) ha publicado una gu\u00eda que permite a los cient\u00edficos analizar cr\u00edticamente los art\u00edculos y estudios seleccionados y definir su nivel de evidencia de acuerdo con la metodolog\u00eda. Esta herramienta es utilizada por la Haute Autorit\u00e9 de Sant\u00e9 (HAS) en su propio trabajo. En una escala que va del 1 al 5 (5 corresponde al nivel m\u00e1s bajo de prueba), el estudio de Poitiers se encuentra en la parte inferior de la escala de prueba cient\u00edfica (nivel 4). \u00a1Por tanto, es asombroso que los autores hablen de pruebas irrefutables!<\/p>\n<h3>\u00bfLa piedra de alumbre de Osma Laboratories presenta alg\u00fan riesgo de toxicidad?<\/h3>\n<p>Hasta la fecha, no ha sido posible probar el paso transcut\u00e1neo del alumbre durante su uso cosm\u00e9tico. De hecho, parece que en contacto con el agua, la piedra de alumbre liberar\u00e1 todos los iones que la componen, a saber, iones de potasio, iones de sulfato e hidr\u00f3xido de aluminio. El hidr\u00f3xido de aluminio muy poco soluble permanecer\u00e1 en la superficie de la piel y luego actuar\u00e1 como una barrera contra la sudoraci\u00f3n.<br \/>Al contrario de lo que se ha dicho, no es seguro que los iones lactato contenidos en el sudor no puedan provocar la solubilidad del hidr\u00f3xido de aluminio a trav\u00e9s de una diferencia de potencial negativa.<br \/>Adem\u00e1s, debido a su efecto astringente, el alumbre depositado sobre la piel actuar\u00e1 inmediatamente sobre los poros cut\u00e1neos reduciendo su tama\u00f1o.<br \/>Por lo tanto, en la piel ilesa, se excluye cualquier penetraci\u00f3n transcut\u00e1nea de piedra de alumbre de Osma Laboratories. Y en la piel da\u00f1ada, el paso potencial se considera infinitesimal.<br \/>A t\u00edtulo informativo y para una posible comparaci\u00f3n: partiendo de una absorci\u00f3n por parte del cuerpo del 100% de la piedra de alumbre aplicada sobre la piel (\u00a1que es imposible!), Con un uso diario, aplicamos un m\u00e1ximo de 140 miligramos de alumbre sobre la piel. resultando en una cantidad de iones de aluminio de menos de 8 miligramos por d\u00eda. Esta cantidad que se absorber\u00eda sigue siendo inferior a la ingesta semanal de aluminio tolerable con una dieta de 17 mg \/ d\u00eda (para una persona que pese 60 kg), recomendada por la Organizaci\u00f3n Mundial de la Salud.<br \/><a href=\"http:\/\/www.allodocteurs.fr\/bien-etre-psycho\/beaute-soins-du-corps\/transpiration\/transpiration-excessive-y-a-t-il-un-danger-a-utiliser-un-anti-transpirant_16790.html\" target=\"_blank\" rel=\"noopener\">L&#8217;avis d&#8217;un dermatologue<\/a>.<\/p>\n<p><a href=\"http:\/\/www.allodocteurs.fr\/bien-etre-psycho\/beaute-soins-du-corps\/transpiration\/transpiration-excessive-y-a-t-il-un-danger-a-utiliser-un-anti-transpirant_16790.html\" target=\"_blank\" rel=\"noopener\"><img loading=\"lazy\" decoding=\"async\" class=\"alignnone wp-image-228 size-full\" src=\"https:\/\/www.laboratoiresosma.com\/wp-content\/uploads\/2016\/04\/iconevideo-e1460125868267.png\" alt=\"iconevideo\" width=\"50\" height=\"50\" \/><\/a><\/p>\n<div>\u00a0<\/div>\n<p>[\/et_pb_text][et_pb_text admin_label=&#8221;Texte&#8221; _builder_version=&#8221;3.27.4&#8243; background_size=&#8221;initial&#8221; background_position=&#8221;top_left&#8221; background_repeat=&#8221;repeat&#8221; text_orientation=&#8221;right&#8221; use_border_color=&#8221;off&#8221; border_color=&#8221;#ffffff&#8221; border_style=&#8221;solid&#8221; saved_tabs=&#8221;all&#8221;] <div class=\"printfriendly pf-button  pf-alignleft\"><a href=\"https:\/\/www.laboratoiresosma.com\/es\/piedra-de-alumbre-saber-mas\/?pfstyle=wp\" rel=\"nofollow\"  title=\"Printer Friendly, PDF & Email\"><img decoding=\"async\" class=\"pf-button-img\" src=\"https:\/\/cdn.printfriendly.com\/buttons\/printfriendly-pdf-button-nobg-md.png\" alt=\"Print Friendly, PDF & Email\" style=\"width: 124px;height: 30px;\"  \/><\/a><\/div> [\/et_pb_text][\/et_pb_column][\/et_pb_row][\/et_pb_section]<\/p>\n","protected":false},"excerpt":{"rendered":"<p>Pierre d&#8217;alun &#8211; Saber masUn poco de historia Las propiedades del alumbre de potasio se conocen desde hace varios milenios antes de Jesucristo, e incluso se menciona en un papiro egipcio.Utilizado desde la antig\u00fcedad por griegos y romanos como cosm\u00e9tico y en la industria del te\u00f1ido donde se utilizaba para fijar colores.Posteriormente, la piedra de [&hellip;]<\/p>\n","protected":false},"author":1,"featured_media":0,"parent":0,"menu_order":0,"comment_status":"closed","ping_status":"closed","template":"","meta":{"_et_pb_use_builder":"on","_et_pb_old_content":"","_et_gb_content_width":"","footnotes":""},"yoast_head":"<!-- This site is optimized with the Yoast SEO plugin v21.3 - https:\/\/yoast.com\/wordpress\/plugins\/seo\/ -->\n<title>Piedra de Alumbre: Saber m\u00e1s - Piedra de alumbre<\/title>\n<meta name=\"description\" content=\"natural y sin peligro la piedra de alumbre se utiliza desde muchos anos como desodrante o por despues el afeitado\" \/>\n<meta name=\"robots\" content=\"index, follow, max-snippet:-1, max-image-preview:large, max-video-preview:-1\" \/>\n<link rel=\"canonical\" href=\"https:\/\/www.laboratoiresosma.com\/es\/piedra-de-alumbre-saber-mas\/\" \/>\n<meta property=\"og:locale\" content=\"es_ES\" \/>\n<meta property=\"og:type\" content=\"article\" \/>\n<meta property=\"og:title\" content=\"Piedra de Alumbre: Saber m\u00e1s - Piedra de alumbre\" \/>\n<meta property=\"og:description\" content=\"natural y sin peligro la piedra de alumbre se utiliza desde muchos anos como desodrante o por despues el afeitado\" \/>\n<meta property=\"og:url\" content=\"https:\/\/www.laboratoiresosma.com\/es\/piedra-de-alumbre-saber-mas\/\" \/>\n<meta property=\"og:site_name\" content=\"Piedra de alumbre\" \/>\n<meta property=\"article:publisher\" content=\"https:\/\/www.facebook.com\/LaboratoiresOsma\/\" \/>\n<meta property=\"article:modified_time\" content=\"2021-05-19T10:17:51+00:00\" \/>\n<meta property=\"og:image\" content=\"https:\/\/www.laboratoiresosma.com\/wp-content\/uploads\/2016\/04\/iconpdf-e1460125669418.png\" \/>\n<meta name=\"twitter:card\" content=\"summary_large_image\" \/>\n<meta name=\"twitter:site\" content=\"@LaboratoireOsma\" \/>\n<meta name=\"twitter:label1\" content=\"Est. reading time\" \/>\n\t<meta name=\"twitter:data1\" content=\"9 minutes\" \/>\n<script type=\"application\/ld+json\" class=\"yoast-schema-graph\">{\"@context\":\"https:\/\/schema.org\",\"@graph\":[{\"@type\":\"WebPage\",\"@id\":\"https:\/\/www.laboratoiresosma.com\/es\/piedra-de-alumbre-saber-mas\/\",\"url\":\"https:\/\/www.laboratoiresosma.com\/es\/piedra-de-alumbre-saber-mas\/\",\"name\":\"Piedra de Alumbre: Saber m\u00e1s - Piedra de alumbre\",\"isPartOf\":{\"@id\":\"https:\/\/www.laboratoiresosma.com\/#website\"},\"datePublished\":\"2016-09-07T11:08:40+00:00\",\"dateModified\":\"2021-05-19T10:17:51+00:00\",\"description\":\"natural y sin peligro la piedra de alumbre se utiliza desde muchos anos como desodrante o por despues el afeitado\",\"breadcrumb\":{\"@id\":\"https:\/\/www.laboratoiresosma.com\/es\/piedra-de-alumbre-saber-mas\/#breadcrumb\"},\"inLanguage\":\"es-ES\",\"potentialAction\":[{\"@type\":\"ReadAction\",\"target\":[\"https:\/\/www.laboratoiresosma.com\/es\/piedra-de-alumbre-saber-mas\/\"]}]},{\"@type\":\"BreadcrumbList\",\"@id\":\"https:\/\/www.laboratoiresosma.com\/es\/piedra-de-alumbre-saber-mas\/#breadcrumb\",\"itemListElement\":[{\"@type\":\"ListItem\",\"position\":1,\"name\":\"Accueil\",\"item\":\"https:\/\/www.laboratoiresosma.com\/es\/\"},{\"@type\":\"ListItem\",\"position\":2,\"name\":\"Piedra de Alumbre: Saber m\u00e1s\"}]},{\"@type\":\"WebSite\",\"@id\":\"https:\/\/www.laboratoiresosma.com\/#website\",\"url\":\"https:\/\/www.laboratoiresosma.com\/\",\"name\":\"Piedra de alumbre\",\"description\":\"Piedra d'alumbre  - Riesgo - Fabricaci\u00f3n - Alumbre natural\",\"publisher\":{\"@id\":\"https:\/\/www.laboratoiresosma.com\/#organization\"},\"potentialAction\":[{\"@type\":\"SearchAction\",\"target\":{\"@type\":\"EntryPoint\",\"urlTemplate\":\"https:\/\/www.laboratoiresosma.com\/?s={search_term_string}\"},\"query-input\":\"required name=search_term_string\"}],\"inLanguage\":\"es-ES\"},{\"@type\":\"Organization\",\"@id\":\"https:\/\/www.laboratoiresosma.com\/#organization\",\"name\":\"Laboratoires Osma\",\"url\":\"https:\/\/www.laboratoiresosma.com\/\",\"logo\":{\"@type\":\"ImageObject\",\"inLanguage\":\"es-ES\",\"@id\":\"https:\/\/www.laboratoiresosma.com\/#\/schema\/logo\/image\/\",\"url\":\"https:\/\/www.laboratoiresosma.com\/wp-content\/uploads\/2023\/11\/cropped-LOGOOSMA-DISTRIBUTION-512-512.jpg\",\"contentUrl\":\"https:\/\/www.laboratoiresosma.com\/wp-content\/uploads\/2023\/11\/cropped-LOGOOSMA-DISTRIBUTION-512-512.jpg\",\"width\":512,\"height\":512,\"caption\":\"Laboratoires Osma\"},\"image\":{\"@id\":\"https:\/\/www.laboratoiresosma.com\/#\/schema\/logo\/image\/\"},\"sameAs\":[\"https:\/\/www.facebook.com\/LaboratoiresOsma\/\",\"https:\/\/twitter.com\/LaboratoireOsma\",\"https:\/\/www.instagram.com\/laboratoiresosma\/\",\"https:\/\/www.pinterest.fr\/laboratoireso\/\",\"https:\/\/www.linkedin.com\/company\/69502869\"]}]}<\/script>\n<!-- \/ Yoast SEO plugin. -->","yoast_head_json":{"title":"Piedra de Alumbre: Saber m\u00e1s - Piedra de alumbre","description":"natural y sin peligro la piedra de alumbre se utiliza desde muchos anos como desodrante o por despues el afeitado","robots":{"index":"index","follow":"follow","max-snippet":"max-snippet:-1","max-image-preview":"max-image-preview:large","max-video-preview":"max-video-preview:-1"},"canonical":"https:\/\/www.laboratoiresosma.com\/es\/piedra-de-alumbre-saber-mas\/","og_locale":"es_ES","og_type":"article","og_title":"Piedra de Alumbre: Saber m\u00e1s - Piedra de alumbre","og_description":"natural y sin peligro la piedra de alumbre se utiliza desde muchos anos como desodrante o por despues el afeitado","og_url":"https:\/\/www.laboratoiresosma.com\/es\/piedra-de-alumbre-saber-mas\/","og_site_name":"Piedra de alumbre","article_publisher":"https:\/\/www.facebook.com\/LaboratoiresOsma\/","article_modified_time":"2021-05-19T10:17:51+00:00","og_image":[{"url":"https:\/\/www.laboratoiresosma.com\/wp-content\/uploads\/2016\/04\/iconpdf-e1460125669418.png"}],"twitter_card":"summary_large_image","twitter_site":"@LaboratoireOsma","twitter_misc":{"Est. reading time":"9 minutes"},"schema":{"@context":"https:\/\/schema.org","@graph":[{"@type":"WebPage","@id":"https:\/\/www.laboratoiresosma.com\/es\/piedra-de-alumbre-saber-mas\/","url":"https:\/\/www.laboratoiresosma.com\/es\/piedra-de-alumbre-saber-mas\/","name":"Piedra de Alumbre: Saber m\u00e1s - Piedra de alumbre","isPartOf":{"@id":"https:\/\/www.laboratoiresosma.com\/#website"},"datePublished":"2016-09-07T11:08:40+00:00","dateModified":"2021-05-19T10:17:51+00:00","description":"natural y sin peligro la piedra de alumbre se utiliza desde muchos anos como desodrante o por despues el afeitado","breadcrumb":{"@id":"https:\/\/www.laboratoiresosma.com\/es\/piedra-de-alumbre-saber-mas\/#breadcrumb"},"inLanguage":"es-ES","potentialAction":[{"@type":"ReadAction","target":["https:\/\/www.laboratoiresosma.com\/es\/piedra-de-alumbre-saber-mas\/"]}]},{"@type":"BreadcrumbList","@id":"https:\/\/www.laboratoiresosma.com\/es\/piedra-de-alumbre-saber-mas\/#breadcrumb","itemListElement":[{"@type":"ListItem","position":1,"name":"Accueil","item":"https:\/\/www.laboratoiresosma.com\/es\/"},{"@type":"ListItem","position":2,"name":"Piedra de Alumbre: Saber m\u00e1s"}]},{"@type":"WebSite","@id":"https:\/\/www.laboratoiresosma.com\/#website","url":"https:\/\/www.laboratoiresosma.com\/","name":"Piedra de alumbre","description":"Piedra d'alumbre  - Riesgo - Fabricaci\u00f3n - Alumbre natural","publisher":{"@id":"https:\/\/www.laboratoiresosma.com\/#organization"},"potentialAction":[{"@type":"SearchAction","target":{"@type":"EntryPoint","urlTemplate":"https:\/\/www.laboratoiresosma.com\/?s={search_term_string}"},"query-input":"required name=search_term_string"}],"inLanguage":"es-ES"},{"@type":"Organization","@id":"https:\/\/www.laboratoiresosma.com\/#organization","name":"Laboratoires Osma","url":"https:\/\/www.laboratoiresosma.com\/","logo":{"@type":"ImageObject","inLanguage":"es-ES","@id":"https:\/\/www.laboratoiresosma.com\/#\/schema\/logo\/image\/","url":"https:\/\/www.laboratoiresosma.com\/wp-content\/uploads\/2023\/11\/cropped-LOGOOSMA-DISTRIBUTION-512-512.jpg","contentUrl":"https:\/\/www.laboratoiresosma.com\/wp-content\/uploads\/2023\/11\/cropped-LOGOOSMA-DISTRIBUTION-512-512.jpg","width":512,"height":512,"caption":"Laboratoires Osma"},"image":{"@id":"https:\/\/www.laboratoiresosma.com\/#\/schema\/logo\/image\/"},"sameAs":["https:\/\/www.facebook.com\/LaboratoiresOsma\/","https:\/\/twitter.com\/LaboratoireOsma","https:\/\/www.instagram.com\/laboratoiresosma\/","https:\/\/www.pinterest.fr\/laboratoireso\/","https:\/\/www.linkedin.com\/company\/69502869"]}]}},"_links":{"self":[{"href":"https:\/\/www.laboratoiresosma.com\/es\/wp-json\/wp\/v2\/pages\/484"}],"collection":[{"href":"https:\/\/www.laboratoiresosma.com\/es\/wp-json\/wp\/v2\/pages"}],"about":[{"href":"https:\/\/www.laboratoiresosma.com\/es\/wp-json\/wp\/v2\/types\/page"}],"author":[{"embeddable":true,"href":"https:\/\/www.laboratoiresosma.com\/es\/wp-json\/wp\/v2\/users\/1"}],"replies":[{"embeddable":true,"href":"https:\/\/www.laboratoiresosma.com\/es\/wp-json\/wp\/v2\/comments?post=484"}],"version-history":[{"count":3,"href":"https:\/\/www.laboratoiresosma.com\/es\/wp-json\/wp\/v2\/pages\/484\/revisions"}],"predecessor-version":[{"id":1518,"href":"https:\/\/www.laboratoiresosma.com\/es\/wp-json\/wp\/v2\/pages\/484\/revisions\/1518"}],"wp:attachment":[{"href":"https:\/\/www.laboratoiresosma.com\/es\/wp-json\/wp\/v2\/media?parent=484"}],"curies":[{"name":"wp","href":"https:\/\/api.w.org\/{rel}","templated":true}]}}