{"id":483,"date":"2016-09-07T12:08:24","date_gmt":"2016-09-07T11:08:24","guid":{"rendered":"http:\/\/www.laboratoiresosma.com\/es\/?page_id=483"},"modified":"2021-05-19T12:27:34","modified_gmt":"2021-05-19T11:27:34","slug":"piedra-de-alumbre-fabricada-francia","status":"publish","type":"page","link":"https:\/\/www.laboratoiresosma.com\/es\/piedra-de-alumbre-fabricada-francia\/","title":{"rendered":"Piedra de Alumbre fabricada en Francia"},"content":{"rendered":"<p>[et_pb_section fb_built=&#8221;1&#8243; admin_label=&#8221;section&#8221; _builder_version=&#8221;3.22&#8243;][et_pb_row admin_label=&#8221;row&#8221; _builder_version=&#8221;3.25&#8243; background_size=&#8221;initial&#8221; background_position=&#8221;top_left&#8221; background_repeat=&#8221;repeat&#8221;][et_pb_column type=&#8221;4_4&#8243; _builder_version=&#8221;3.25&#8243; custom_padding=&#8221;|||&#8221; custom_padding__hover=&#8221;|||&#8221;][et_pb_text admin_label=&#8221;Texte&#8221; _builder_version=&#8221;4.9.1&#8243; background_size=&#8221;initial&#8221; background_position=&#8221;top_left&#8221; background_repeat=&#8221;repeat&#8221; use_border_color=&#8221;off&#8221; border_color=&#8221;#ffffff&#8221; border_style=&#8221;solid&#8221;]<\/p>\n<h1>Piedra de Alumbre fabricada en Francia<\/h1>\n<p>[\/et_pb_text][et_pb_button button_url=&#8221;http:\/\/www.boutique-osma.com&#8221; url_new_window=&#8221;on&#8221; button_text=&#8221;VISITA NUESTRA TIENDA&#8221; _builder_version=&#8221;4.9.1&#8243; _module_preset=&#8221;default&#8221; background_layout=&#8221;dark&#8221;][\/et_pb_button][\/et_pb_column][\/et_pb_row][et_pb_row admin_label=&#8221;Ligne&#8221; _builder_version=&#8221;3.25&#8243; background_size=&#8221;initial&#8221; background_position=&#8221;top_left&#8221; background_repeat=&#8221;repeat&#8221;][et_pb_column type=&#8221;4_4&#8243; _builder_version=&#8221;3.25&#8243; custom_padding=&#8221;|||&#8221; custom_padding__hover=&#8221;|||&#8221;][et_pb_text admin_label=&#8221;Texte&#8221; _builder_version=&#8221;4.9.1&#8243; background_size=&#8221;initial&#8221; background_position=&#8221;top_left&#8221; background_repeat=&#8221;repeat&#8221; use_border_color=&#8221;off&#8221; border_color=&#8221;#ffffff&#8221; border_style=&#8221;solid&#8221;]<\/p>\n<h2>Franc\u00e9s hecho<img loading=\"lazy\" decoding=\"async\" class=\"alignnone size-full wp-image-291\" src=\"https:\/\/www.laboratoiresosma.com\/wp-content\/uploads\/2016\/04\/fabrication-artisanale.jpg\" alt=\"fabrication-artisanale\" width=\"55\" height=\"58\" \/><\/h2>\n<p>Desde 1957, Laboratoires Osma siempre ha prestado especial atenci\u00f3n a ofrecer una gama de productos fabricados en Francia y, m\u00e1s particularmente, ha mantenido su fabricaci\u00f3n de piedras de alumbre en Francia, lo que lo convierte en el \u00faltimo fabricante franc\u00e9s. de piedra de alumbre. <img loading=\"lazy\" decoding=\"async\" class=\"alignright wp-image-223 size-medium\" src=\"https:\/\/www.laboratoiresosma.com\/wp-content\/uploads\/2016\/04\/alundeodorantfabrication-2-300x160.jpg\" alt=\"alundeodorantfabrication\" width=\"300\" height=\"160\" \/><\/p>\n<p>Los Laboratorios Osma han optado por la fabricaci\u00f3n local y artesanal, con el fin de ofrecerle lo mejor de nuestro alumbre, asegurando cada una de las etapas de producci\u00f3n en nuestro sitio de Craponne. Cada una de nuestras piedras de alumbre se moldea a mano en nuestros talleres ubicados en la regi\u00f3n de Lyon.<\/p>\n<p>Nuestra fabricaci\u00f3n francesa de piedras de alumbre tambi\u00e9n nos ofrece una gran capacidad de respuesta para servir mejor a nuestros clientes.<\/p>\n<p>Es tambi\u00e9n para nuestros clientes profesionales y particulares la garant\u00eda de distribuir o utilizar un producto que cumpla con las normas vigentes.<\/p>\n<h4>Subcontratistas locales<\/h4>\n<div class=\"dePhmb\">\n<div class=\"eyKpYb\" data-language=\"es\" data-original-language=\"fr\" data-result-index=\"0\">\n<div class=\"J0lOec\"><span class=\"VIiyi\" lang=\"es\"><span class=\"JLqJ4b ChMk0b\" data-language-for-alternatives=\"es\" data-language-to-translate-into=\"fr\" data-phrase-index=\"0\">En aras de la coherencia, seleccionamos subcontratistas (embalaje, etiquetas, etc.) basados \u200b\u200ben territorio franc\u00e9s.<\/span><\/span><\/div>\n<\/div>\n<\/div>\n<p><img loading=\"lazy\" decoding=\"async\" class=\"size-medium wp-image-224 alignright\" src=\"https:\/\/www.laboratoiresosma.com\/wp-content\/uploads\/2016\/04\/decoupalun-225x300.jpg\" alt=\"decoupalun\" width=\"225\" height=\"300\" \/><\/p>\n<p>En la medida de lo posible, favorecemos a los proveedores locales, con el fin de fortalecer el tejido industrial local, que refuerzan nuestra capacidad de respuesta y nos permiten asegurar un seguimiento efectivo de cada una de nuestras producciones.<\/p>\n<h4>Un verdadero compromiso<\/h4>\n<p>Nuestra fabricaci\u00f3n francesa es tambi\u00e9n su garant\u00eda de un producto con menos repercusiones ecol\u00f3gicas (transporte &#8230;) y econ\u00f3micas. Porque el acto de compra no solo debe ser un acto de los consumidores sino tambi\u00e9n un acto de ciudadan\u00eda<\/p>\n<p><strong>Tambi\u00e9n estamos comprometidos a preservar nuestros trabajos neg\u00e1ndonos a subcontratar nuestra producci\u00f3n.<\/strong><\/p>\n<p>[\/et_pb_text][et_pb_text admin_label=&#8221;Texte&#8221; _builder_version=&#8221;3.27.4&#8243; background_size=&#8221;initial&#8221; background_position=&#8221;top_left&#8221; background_repeat=&#8221;repeat&#8221; text_orientation=&#8221;right&#8221; use_border_color=&#8221;off&#8221; border_color=&#8221;#ffffff&#8221; border_style=&#8221;solid&#8221; saved_tabs=&#8221;all&#8221;] <div class=\"printfriendly pf-button  pf-alignleft\"><a href=\"https:\/\/www.laboratoiresosma.com\/es\/piedra-de-alumbre-fabricada-francia\/?pfstyle=wp\" rel=\"nofollow\"  title=\"Printer Friendly, PDF & Email\"><img decoding=\"async\" class=\"pf-button-img\" src=\"https:\/\/cdn.printfriendly.com\/buttons\/printfriendly-pdf-button-nobg-md.png\" alt=\"Print Friendly, PDF & Email\" style=\"width: 124px;height: 30px;\"  \/><\/a><\/div> [\/et_pb_text][\/et_pb_column][\/et_pb_row][\/et_pb_section]<\/p>\n","protected":false},"excerpt":{"rendered":"<p>Piedra de Alumbre fabricada en FranciaFranc\u00e9s hecho Desde 1957, Laboratoires Osma siempre ha prestado especial atenci\u00f3n a ofrecer una gama de productos fabricados en Francia y, m\u00e1s particularmente, ha mantenido su fabricaci\u00f3n de piedras de alumbre en Francia, lo que lo convierte en el \u00faltimo fabricante franc\u00e9s. de piedra de alumbre. Los Laboratorios Osma han [&hellip;]<\/p>\n","protected":false},"author":1,"featured_media":0,"parent":0,"menu_order":0,"comment_status":"closed","ping_status":"closed","template":"","meta":{"_et_pb_use_builder":"on","_et_pb_old_content":"","_et_gb_content_width":"","footnotes":""},"yoast_head":"<!-- This site is optimized with the Yoast SEO plugin v21.3 - https:\/\/yoast.com\/wordpress\/plugins\/seo\/ -->\n<title>Piedra de alumbre fabricada en Francia des des 1957<\/title>\n<meta name=\"description\" content=\"Laboratoires Osma farica piedra de alumbre por la mano desdes 1957, especialisto de los cosmeticos naturales y biologicos\" \/>\n<meta name=\"robots\" content=\"index, follow, max-snippet:-1, max-image-preview:large, max-video-preview:-1\" \/>\n<link rel=\"canonical\" href=\"https:\/\/www.laboratoiresosma.com\/es\/piedra-de-alumbre-fabricada-francia\/\" \/>\n<meta property=\"og:locale\" content=\"es_ES\" \/>\n<meta property=\"og:type\" content=\"article\" \/>\n<meta property=\"og:title\" content=\"Piedra de alumbre fabricada en Francia des des 1957\" \/>\n<meta property=\"og:description\" content=\"Laboratoires Osma farica piedra de alumbre por la mano desdes 1957, especialisto de los cosmeticos naturales y biologicos\" \/>\n<meta property=\"og:url\" content=\"https:\/\/www.laboratoiresosma.com\/es\/piedra-de-alumbre-fabricada-francia\/\" \/>\n<meta property=\"og:site_name\" content=\"Piedra de alumbre\" \/>\n<meta property=\"article:publisher\" content=\"https:\/\/www.facebook.com\/LaboratoiresOsma\/\" \/>\n<meta property=\"article:modified_time\" content=\"2021-05-19T11:27:34+00:00\" \/>\n<meta property=\"og:image\" content=\"https:\/\/www.laboratoiresosma.com\/wp-content\/uploads\/2016\/04\/fabrication-artisanale.jpg\" \/>\n<meta name=\"twitter:card\" content=\"summary_large_image\" \/>\n<meta name=\"twitter:site\" content=\"@LaboratoireOsma\" \/>\n<meta name=\"twitter:label1\" content=\"Est. reading time\" \/>\n\t<meta name=\"twitter:data1\" content=\"2 minutes\" \/>\n<script type=\"application\/ld+json\" class=\"yoast-schema-graph\">{\"@context\":\"https:\/\/schema.org\",\"@graph\":[{\"@type\":\"WebPage\",\"@id\":\"https:\/\/www.laboratoiresosma.com\/es\/piedra-de-alumbre-fabricada-francia\/\",\"url\":\"https:\/\/www.laboratoiresosma.com\/es\/piedra-de-alumbre-fabricada-francia\/\",\"name\":\"Piedra de alumbre fabricada en Francia des des 1957\",\"isPartOf\":{\"@id\":\"https:\/\/www.laboratoiresosma.com\/#website\"},\"datePublished\":\"2016-09-07T11:08:24+00:00\",\"dateModified\":\"2021-05-19T11:27:34+00:00\",\"description\":\"Laboratoires Osma farica piedra de alumbre por la mano desdes 1957, especialisto de los cosmeticos naturales y biologicos\",\"breadcrumb\":{\"@id\":\"https:\/\/www.laboratoiresosma.com\/es\/piedra-de-alumbre-fabricada-francia\/#breadcrumb\"},\"inLanguage\":\"es-ES\",\"potentialAction\":[{\"@type\":\"ReadAction\",\"target\":[\"https:\/\/www.laboratoiresosma.com\/es\/piedra-de-alumbre-fabricada-francia\/\"]}]},{\"@type\":\"BreadcrumbList\",\"@id\":\"https:\/\/www.laboratoiresosma.com\/es\/piedra-de-alumbre-fabricada-francia\/#breadcrumb\",\"itemListElement\":[{\"@type\":\"ListItem\",\"position\":1,\"name\":\"Accueil\",\"item\":\"https:\/\/www.laboratoiresosma.com\/es\/\"},{\"@type\":\"ListItem\",\"position\":2,\"name\":\"Piedra de Alumbre fabricada en Francia\"}]},{\"@type\":\"WebSite\",\"@id\":\"https:\/\/www.laboratoiresosma.com\/#website\",\"url\":\"https:\/\/www.laboratoiresosma.com\/\",\"name\":\"Piedra de alumbre\",\"description\":\"Piedra d'alumbre  - Riesgo - Fabricaci\u00f3n - Alumbre natural\",\"publisher\":{\"@id\":\"https:\/\/www.laboratoiresosma.com\/#organization\"},\"potentialAction\":[{\"@type\":\"SearchAction\",\"target\":{\"@type\":\"EntryPoint\",\"urlTemplate\":\"https:\/\/www.laboratoiresosma.com\/?s={search_term_string}\"},\"query-input\":\"required name=search_term_string\"}],\"inLanguage\":\"es-ES\"},{\"@type\":\"Organization\",\"@id\":\"https:\/\/www.laboratoiresosma.com\/#organization\",\"name\":\"Laboratoires Osma\",\"url\":\"https:\/\/www.laboratoiresosma.com\/\",\"logo\":{\"@type\":\"ImageObject\",\"inLanguage\":\"es-ES\",\"@id\":\"https:\/\/www.laboratoiresosma.com\/#\/schema\/logo\/image\/\",\"url\":\"https:\/\/www.laboratoiresosma.com\/wp-content\/uploads\/2023\/11\/cropped-LOGOOSMA-DISTRIBUTION-512-512.jpg\",\"contentUrl\":\"https:\/\/www.laboratoiresosma.com\/wp-content\/uploads\/2023\/11\/cropped-LOGOOSMA-DISTRIBUTION-512-512.jpg\",\"width\":512,\"height\":512,\"caption\":\"Laboratoires Osma\"},\"image\":{\"@id\":\"https:\/\/www.laboratoiresosma.com\/#\/schema\/logo\/image\/\"},\"sameAs\":[\"https:\/\/www.facebook.com\/LaboratoiresOsma\/\",\"https:\/\/twitter.com\/LaboratoireOsma\",\"https:\/\/www.instagram.com\/laboratoiresosma\/\",\"https:\/\/www.pinterest.fr\/laboratoireso\/\",\"https:\/\/www.linkedin.com\/company\/69502869\"]}]}<\/script>\n<!-- \/ Yoast SEO plugin. -->","yoast_head_json":{"title":"Piedra de alumbre fabricada en Francia des des 1957","description":"Laboratoires Osma farica piedra de alumbre por la mano desdes 1957, especialisto de los cosmeticos naturales y biologicos","robots":{"index":"index","follow":"follow","max-snippet":"max-snippet:-1","max-image-preview":"max-image-preview:large","max-video-preview":"max-video-preview:-1"},"canonical":"https:\/\/www.laboratoiresosma.com\/es\/piedra-de-alumbre-fabricada-francia\/","og_locale":"es_ES","og_type":"article","og_title":"Piedra de alumbre fabricada en Francia des des 1957","og_description":"Laboratoires Osma farica piedra de alumbre por la mano desdes 1957, especialisto de los cosmeticos naturales y biologicos","og_url":"https:\/\/www.laboratoiresosma.com\/es\/piedra-de-alumbre-fabricada-francia\/","og_site_name":"Piedra de alumbre","article_publisher":"https:\/\/www.facebook.com\/LaboratoiresOsma\/","article_modified_time":"2021-05-19T11:27:34+00:00","og_image":[{"url":"https:\/\/www.laboratoiresosma.com\/wp-content\/uploads\/2016\/04\/fabrication-artisanale.jpg"}],"twitter_card":"summary_large_image","twitter_site":"@LaboratoireOsma","twitter_misc":{"Est. reading time":"2 minutes"},"schema":{"@context":"https:\/\/schema.org","@graph":[{"@type":"WebPage","@id":"https:\/\/www.laboratoiresosma.com\/es\/piedra-de-alumbre-fabricada-francia\/","url":"https:\/\/www.laboratoiresosma.com\/es\/piedra-de-alumbre-fabricada-francia\/","name":"Piedra de alumbre fabricada en Francia des des 1957","isPartOf":{"@id":"https:\/\/www.laboratoiresosma.com\/#website"},"datePublished":"2016-09-07T11:08:24+00:00","dateModified":"2021-05-19T11:27:34+00:00","description":"Laboratoires Osma farica piedra de alumbre por la mano desdes 1957, especialisto de los cosmeticos naturales y biologicos","breadcrumb":{"@id":"https:\/\/www.laboratoiresosma.com\/es\/piedra-de-alumbre-fabricada-francia\/#breadcrumb"},"inLanguage":"es-ES","potentialAction":[{"@type":"ReadAction","target":["https:\/\/www.laboratoiresosma.com\/es\/piedra-de-alumbre-fabricada-francia\/"]}]},{"@type":"BreadcrumbList","@id":"https:\/\/www.laboratoiresosma.com\/es\/piedra-de-alumbre-fabricada-francia\/#breadcrumb","itemListElement":[{"@type":"ListItem","position":1,"name":"Accueil","item":"https:\/\/www.laboratoiresosma.com\/es\/"},{"@type":"ListItem","position":2,"name":"Piedra de Alumbre fabricada en Francia"}]},{"@type":"WebSite","@id":"https:\/\/www.laboratoiresosma.com\/#website","url":"https:\/\/www.laboratoiresosma.com\/","name":"Piedra de alumbre","description":"Piedra d'alumbre  - Riesgo - Fabricaci\u00f3n - Alumbre natural","publisher":{"@id":"https:\/\/www.laboratoiresosma.com\/#organization"},"potentialAction":[{"@type":"SearchAction","target":{"@type":"EntryPoint","urlTemplate":"https:\/\/www.laboratoiresosma.com\/?s={search_term_string}"},"query-input":"required name=search_term_string"}],"inLanguage":"es-ES"},{"@type":"Organization","@id":"https:\/\/www.laboratoiresosma.com\/#organization","name":"Laboratoires Osma","url":"https:\/\/www.laboratoiresosma.com\/","logo":{"@type":"ImageObject","inLanguage":"es-ES","@id":"https:\/\/www.laboratoiresosma.com\/#\/schema\/logo\/image\/","url":"https:\/\/www.laboratoiresosma.com\/wp-content\/uploads\/2023\/11\/cropped-LOGOOSMA-DISTRIBUTION-512-512.jpg","contentUrl":"https:\/\/www.laboratoiresosma.com\/wp-content\/uploads\/2023\/11\/cropped-LOGOOSMA-DISTRIBUTION-512-512.jpg","width":512,"height":512,"caption":"Laboratoires Osma"},"image":{"@id":"https:\/\/www.laboratoiresosma.com\/#\/schema\/logo\/image\/"},"sameAs":["https:\/\/www.facebook.com\/LaboratoiresOsma\/","https:\/\/twitter.com\/LaboratoireOsma","https:\/\/www.instagram.com\/laboratoiresosma\/","https:\/\/www.pinterest.fr\/laboratoireso\/","https:\/\/www.linkedin.com\/company\/69502869"]}]}},"_links":{"self":[{"href":"https:\/\/www.laboratoiresosma.com\/es\/wp-json\/wp\/v2\/pages\/483"}],"collection":[{"href":"https:\/\/www.laboratoiresosma.com\/es\/wp-json\/wp\/v2\/pages"}],"about":[{"href":"https:\/\/www.laboratoiresosma.com\/es\/wp-json\/wp\/v2\/types\/page"}],"author":[{"embeddable":true,"href":"https:\/\/www.laboratoiresosma.com\/es\/wp-json\/wp\/v2\/users\/1"}],"replies":[{"embeddable":true,"href":"https:\/\/www.laboratoiresosma.com\/es\/wp-json\/wp\/v2\/comments?post=483"}],"version-history":[{"count":4,"href":"https:\/\/www.laboratoiresosma.com\/es\/wp-json\/wp\/v2\/pages\/483\/revisions"}],"predecessor-version":[{"id":1533,"href":"https:\/\/www.laboratoiresosma.com\/es\/wp-json\/wp\/v2\/pages\/483\/revisions\/1533"}],"wp:attachment":[{"href":"https:\/\/www.laboratoiresosma.com\/es\/wp-json\/wp\/v2\/media?parent=483"}],"curies":[{"name":"wp","href":"https:\/\/api.w.org\/{rel}","templated":true}]}}