{"id":474,"date":"2016-09-07T12:07:21","date_gmt":"2016-09-07T11:07:21","guid":{"rendered":"http:\/\/www.laboratoiresosma.com\/es\/?page_id=474"},"modified":"2016-09-07T12:07:32","modified_gmt":"2016-09-07T11:07:32","slug":"laboratoires-osma","status":"publish","type":"page","link":"https:\/\/www.laboratoiresosma.com\/es\/laboratoires-osma\/","title":{"rendered":"Laboratoires Osma"},"content":{"rendered":"<p>[et_pb_section admin_label=&#8221;section&#8221;][et_pb_row admin_label=&#8221;row&#8221;][et_pb_column type=&#8221;4_4&#8243;][et_pb_text admin_label=&#8221;Texte&#8221; background_layout=&#8221;light&#8221; text_orientation=&#8221;left&#8221; use_border_color=&#8221;off&#8221; border_color=&#8221;#ffffff&#8221; border_style=&#8221;solid&#8221;]<\/p>\n<h1>LABORATOIRES OSMA : Fa\u00e7onnier de pierre d&#8217;alun<\/h1>\n<p>[\/et_pb_text][\/et_pb_column][\/et_pb_row][et_pb_row admin_label=&#8221;Ligne&#8221;][et_pb_column type=&#8221;4_4&#8243;][et_pb_text admin_label=&#8221;Texte&#8221; background_layout=&#8221;light&#8221; text_orientation=&#8221;left&#8221; use_border_color=&#8221;off&#8221; border_color=&#8221;#ffffff&#8221; border_style=&#8221;solid&#8221;]<\/p>\n<p style=\"text-align: justify;\">La pierre d&#8217;alun est connue et utilis\u00e9e en cosm\u00e9tique depuis\u00a0plusieurs mill\u00e9naires.<img loading=\"lazy\" decoding=\"async\" class=\"alignright wp-image-213 \" src=\"https:\/\/www.laboratoiresosma.com\/wp-content\/uploads\/2016\/04\/cristal-deco-300x300.jpg\" alt=\"pierre d'alun\" width=\"206\" height=\"206\" \/><\/p>\n<p>Les \u00c9gyptiens,\u00a0le Grecs et les Romains, en ont fait un alli\u00e9 quotidien dans des taches diverses et vari\u00e9es.<\/p>\n<p style=\"text-align: justify;\">Les Laboratoires Osma, offre dans le respect de ce min\u00e9ral naturel des produits cosm\u00e9tiques destin\u00e9s \u00e0 une utilisation quotidienne.<\/p>\n<p style=\"text-align: justify;\">Dernier fa\u00e7onnier fran\u00e7ais de pierres d&#8217;alun, les Laboratoires Osma gr\u00e2ce \u00e0 un savoir faire unique propose une offre de produits reconnus pour leur grande qualit\u00e9.<\/p>\n<p style=\"text-align: justify;\">Nous proposons des pierres d&#8217;alun enti\u00e8rement fa\u00e7onn\u00e9es \u00e0 la main, et issues des meilleurs aluns au monde.<\/p>\n<p style=\"text-align: justify;\">De la recristallisation au polissage, puis \u00e0 l&#8217;emballage, toutes les \u00e9tapes de production de nos pierres d&#8217;alun sont effectu\u00e9es sur notre site de Craponne.<\/p>\n<p>La naturalit\u00e9 de notre mati\u00e8re premi\u00e8re \u00e0 d&#8217;ailleurs \u00e9t\u00e9 reconnue par l&#8217;obtention du label Cosmos Nat par nos pierres d&#8217;alun, faisant de notre soci\u00e9t\u00e9 la premi\u00e8re fabrique europ\u00e9enne d&#8217;alun titulaire d&#8217;une telle reconnaissance.<\/p>\n<p style=\"text-align: justify;\">Depuis 1957, nous fabriquons et distribuons des produits cosm\u00e9tique<img loading=\"lazy\" decoding=\"async\" class=\"alignright wp-image-225\" src=\"https:\/\/www.laboratoiresosma.com\/wp-content\/uploads\/2016\/04\/Cristal-dalun-300x211.jpg\" alt=\"Cristal d'alun\" width=\"208\" height=\"146\" srcset=\"https:\/\/www.laboratoiresosma.com\/wp-content\/uploads\/2016\/04\/Cristal-dalun-300x211.jpg 300w, https:\/\/www.laboratoiresosma.com\/wp-content\/uploads\/2016\/04\/Cristal-dalun-768x540.jpg 768w, https:\/\/www.laboratoiresosma.com\/wp-content\/uploads\/2016\/04\/Cristal-dalun-1024x720.jpg 1024w, https:\/\/www.laboratoiresosma.com\/wp-content\/uploads\/2016\/04\/Cristal-dalun-1080x759.jpg 1080w, https:\/\/www.laboratoiresosma.com\/wp-content\/uploads\/2016\/04\/Cristal-dalun.jpg 1138w\" sizes=\"(max-width: 208px) 100vw, 208px\" \/>s naturels r\u00e9pondant aux exigences de vos clients\u00a0et aux normes\u00a0en vigueur.<\/p>\n<p style=\"text-align: justify;\">Soucieux, de notre impact environnementale les Laboratoires Osma propose une large gamme de produis cosm\u00e9tiques Biologiques certifi\u00e9s.<\/p>\n<p style=\"text-align: justify;\">Nous vous invitons \u00e0 d\u00e9couvrir notre savoir faire.<\/p>\n<p>[\/et_pb_text][et_pb_text admin_label=&#8221;Texte&#8221; background_layout=&#8221;light&#8221; text_orientation=&#8221;right&#8221; use_border_color=&#8221;off&#8221; border_color=&#8221;#ffffff&#8221; border_style=&#8221;solid&#8221; saved_tabs=&#8221;all&#8221; global_module=&#8221;141&#8243;] <div class=\"printfriendly pf-button  pf-alignleft\"><a href=\"https:\/\/www.laboratoiresosma.com\/es\/laboratoires-osma\/?pfstyle=wp\" rel=\"nofollow\"  title=\"Printer Friendly, PDF & Email\"><img decoding=\"async\" class=\"pf-button-img\" src=\"https:\/\/cdn.printfriendly.com\/buttons\/printfriendly-pdf-button-nobg-md.png\" alt=\"Print Friendly, PDF & Email\" style=\"width: 124px;height: 30px;\"  \/><\/a><\/div> [\/et_pb_text][\/et_pb_column][\/et_pb_row][\/et_pb_section]<\/p>\n","protected":false},"excerpt":{"rendered":"<p>LABORATOIRES OSMA : Fa\u00e7onnier de pierre d&#8217;alun La pierre d&#8217;alun est connue et utilis\u00e9e en cosm\u00e9tique depuis\u00a0plusieurs mill\u00e9naires. Les \u00c9gyptiens,\u00a0le Grecs et les Romains, en ont fait un alli\u00e9 quotidien dans des taches diverses et vari\u00e9es. Les Laboratoires Osma, offre dans le respect de ce min\u00e9ral naturel des produits cosm\u00e9tiques destin\u00e9s \u00e0 une utilisation quotidienne. [&hellip;]<\/p>\n","protected":false},"author":1,"featured_media":0,"parent":0,"menu_order":0,"comment_status":"closed","ping_status":"closed","template":"","meta":{"_et_pb_use_builder":"on","_et_pb_old_content":"<p>[et_pb_section admin_label=\"section\"][et_pb_row admin_label=\"row\"][et_pb_column type=\"4_4\"][et_pb_text admin_label=\"Texte\" background_layout=\"light\" text_orientation=\"left\" use_border_color=\"off\" border_color=\"#ffffff\" border_style=\"solid\"]<\/p><h1>LABORATOIRES OSMA : Fa\u00e7onnier de pierre d'alun<\/h1><p>[\/et_pb_text][\/et_pb_column][\/et_pb_row][et_pb_row admin_label=\"Ligne\"][et_pb_column type=\"4_4\"][et_pb_text admin_label=\"Texte\" background_layout=\"light\" text_orientation=\"left\" use_border_color=\"off\" border_color=\"#ffffff\" border_style=\"solid\"]<\/p><p style=\"text-align: justify;\">La pierre d'alun est connue et utilis\u00e9e en cosm\u00e9tique depuis\u00a0plusieurs mill\u00e9naires.<img class=\"alignright wp-image-213 \" src=\"https:\/\/www.laboratoiresosma.com\/wp-content\/uploads\/2016\/04\/cristal-deco-300x300.jpg\" alt=\"pierre d'alun\" width=\"206\" height=\"206\" \/><\/p><p>Les \u00c9gyptiens,\u00a0le Grecs et les Romains, en ont fait un alli\u00e9 quotidien dans des taches diverses et vari\u00e9es.<\/p><p style=\"text-align: justify;\">Les Laboratoires Osma, offre dans le respect de ce min\u00e9ral naturel des produits cosm\u00e9tiques destin\u00e9s \u00e0 une utilisation quotidienne.<\/p><p style=\"text-align: justify;\">Dernier fa\u00e7onnier fran\u00e7ais de pierres d'alun, les Laboratoires Osma gr\u00e2ce \u00e0 un savoir faire unique propose une offre de produits reconnus pour leur grande qualit\u00e9.<\/p><p style=\"text-align: justify;\">Nous proposons des pierres d'alun enti\u00e8rement fa\u00e7onn\u00e9es \u00e0 la main, et issues des meilleurs aluns au monde.<\/p><p style=\"text-align: justify;\">De la recristallisation au polissage, puis \u00e0 l'emballage, toutes les \u00e9tapes de production de nos pierres d'alun sont effectu\u00e9es sur notre site de Craponne.<\/p><p>La naturalit\u00e9 de notre mati\u00e8re premi\u00e8re \u00e0 d'ailleurs \u00e9t\u00e9 reconnue par l'obtention du label Cosmos Nat par nos pierres d'alun, faisant de notre soci\u00e9t\u00e9 la premi\u00e8re fabrique europ\u00e9enne d'alun titulaire d'une telle reconnaissance.<\/p><p style=\"text-align: justify;\">Depuis 1957, nous fabriquons et distribuons des produits cosm\u00e9tique<img class=\"alignright wp-image-225\" src=\"https:\/\/www.laboratoiresosma.com\/wp-content\/uploads\/2016\/04\/Cristal-dalun-300x211.jpg\" alt=\"Cristal d'alun\" width=\"208\" height=\"146\" \/>s naturels r\u00e9pondant aux exigences de vos clients\u00a0et aux normes\u00a0en vigueur.<\/p><p style=\"text-align: justify;\">Soucieux, de notre impact environnementale les Laboratoires Osma propose une large gamme de produis cosm\u00e9tiques Biologiques certifi\u00e9s.<\/p><p style=\"text-align: justify;\">Nous vous invitons \u00e0 d\u00e9couvrir notre savoir faire.<\/p><p>[\/et_pb_text][et_pb_text admin_label=\"Texte\" background_layout=\"light\" text_orientation=\"right\" use_border_color=\"off\" border_color=\"#ffffff\" border_style=\"solid\" saved_tabs=\"all\" global_module=\"141\"] [printfriendly] [\/et_pb_text][\/et_pb_column][\/et_pb_row][\/et_pb_section]<\/p>","_et_gb_content_width":"","footnotes":""},"yoast_head":"<!-- This site is optimized with the Yoast SEO plugin v21.3 - https:\/\/yoast.com\/wordpress\/plugins\/seo\/ -->\n<title>Laboratoires Osma - Piedra de alumbre<\/title>\n<meta name=\"robots\" content=\"index, follow, max-snippet:-1, max-image-preview:large, max-video-preview:-1\" \/>\n<link rel=\"canonical\" href=\"https:\/\/www.laboratoiresosma.com\/es\/laboratoires-osma\/\" \/>\n<meta property=\"og:locale\" content=\"es_ES\" \/>\n<meta property=\"og:type\" content=\"article\" \/>\n<meta property=\"og:title\" content=\"Laboratoires Osma - Piedra de alumbre\" \/>\n<meta property=\"og:description\" content=\"LABORATOIRES OSMA : Fa\u00e7onnier de pierre d&#039;alun La pierre d&#039;alun est connue et utilis\u00e9e en cosm\u00e9tique depuis\u00a0plusieurs mill\u00e9naires. Les \u00c9gyptiens,\u00a0le Grecs et les Romains, en ont fait un alli\u00e9 quotidien dans des taches diverses et vari\u00e9es. Les Laboratoires Osma, offre dans le respect de ce min\u00e9ral naturel des produits cosm\u00e9tiques destin\u00e9s \u00e0 une utilisation quotidienne. [&hellip;]\" \/>\n<meta property=\"og:url\" content=\"https:\/\/www.laboratoiresosma.com\/es\/laboratoires-osma\/\" \/>\n<meta property=\"og:site_name\" content=\"Piedra de alumbre\" \/>\n<meta property=\"article:publisher\" content=\"https:\/\/www.facebook.com\/LaboratoiresOsma\/\" \/>\n<meta property=\"article:modified_time\" content=\"2016-09-07T11:07:32+00:00\" \/>\n<meta property=\"og:image\" content=\"https:\/\/www.laboratoiresosma.com\/wp-content\/uploads\/2016\/04\/cristal-deco-300x300.jpg\" \/>\n<meta name=\"twitter:card\" content=\"summary_large_image\" \/>\n<meta name=\"twitter:site\" content=\"@LaboratoireOsma\" \/>\n<meta name=\"twitter:label1\" content=\"Est. reading time\" \/>\n\t<meta name=\"twitter:data1\" content=\"2 minutes\" \/>\n<script type=\"application\/ld+json\" class=\"yoast-schema-graph\">{\"@context\":\"https:\/\/schema.org\",\"@graph\":[{\"@type\":\"WebPage\",\"@id\":\"https:\/\/www.laboratoiresosma.com\/es\/laboratoires-osma\/\",\"url\":\"https:\/\/www.laboratoiresosma.com\/es\/laboratoires-osma\/\",\"name\":\"Laboratoires Osma - Piedra de alumbre\",\"isPartOf\":{\"@id\":\"https:\/\/www.laboratoiresosma.com\/#website\"},\"datePublished\":\"2016-09-07T11:07:21+00:00\",\"dateModified\":\"2016-09-07T11:07:32+00:00\",\"breadcrumb\":{\"@id\":\"https:\/\/www.laboratoiresosma.com\/es\/laboratoires-osma\/#breadcrumb\"},\"inLanguage\":\"es-ES\",\"potentialAction\":[{\"@type\":\"ReadAction\",\"target\":[\"https:\/\/www.laboratoiresosma.com\/es\/laboratoires-osma\/\"]}]},{\"@type\":\"BreadcrumbList\",\"@id\":\"https:\/\/www.laboratoiresosma.com\/es\/laboratoires-osma\/#breadcrumb\",\"itemListElement\":[{\"@type\":\"ListItem\",\"position\":1,\"name\":\"Accueil\",\"item\":\"https:\/\/www.laboratoiresosma.com\/es\/\"},{\"@type\":\"ListItem\",\"position\":2,\"name\":\"Laboratoires Osma\"}]},{\"@type\":\"WebSite\",\"@id\":\"https:\/\/www.laboratoiresosma.com\/#website\",\"url\":\"https:\/\/www.laboratoiresosma.com\/\",\"name\":\"Piedra de alumbre\",\"description\":\"Piedra d'alumbre  - Riesgo - Fabricaci\u00f3n - Alumbre natural\",\"publisher\":{\"@id\":\"https:\/\/www.laboratoiresosma.com\/#organization\"},\"potentialAction\":[{\"@type\":\"SearchAction\",\"target\":{\"@type\":\"EntryPoint\",\"urlTemplate\":\"https:\/\/www.laboratoiresosma.com\/?s={search_term_string}\"},\"query-input\":\"required name=search_term_string\"}],\"inLanguage\":\"es-ES\"},{\"@type\":\"Organization\",\"@id\":\"https:\/\/www.laboratoiresosma.com\/#organization\",\"name\":\"Laboratoires Osma\",\"url\":\"https:\/\/www.laboratoiresosma.com\/\",\"logo\":{\"@type\":\"ImageObject\",\"inLanguage\":\"es-ES\",\"@id\":\"https:\/\/www.laboratoiresosma.com\/#\/schema\/logo\/image\/\",\"url\":\"https:\/\/www.laboratoiresosma.com\/wp-content\/uploads\/2023\/11\/cropped-LOGOOSMA-DISTRIBUTION-512-512.jpg\",\"contentUrl\":\"https:\/\/www.laboratoiresosma.com\/wp-content\/uploads\/2023\/11\/cropped-LOGOOSMA-DISTRIBUTION-512-512.jpg\",\"width\":512,\"height\":512,\"caption\":\"Laboratoires Osma\"},\"image\":{\"@id\":\"https:\/\/www.laboratoiresosma.com\/#\/schema\/logo\/image\/\"},\"sameAs\":[\"https:\/\/www.facebook.com\/LaboratoiresOsma\/\",\"https:\/\/twitter.com\/LaboratoireOsma\",\"https:\/\/www.instagram.com\/laboratoiresosma\/\",\"https:\/\/www.pinterest.fr\/laboratoireso\/\",\"https:\/\/www.linkedin.com\/company\/69502869\"]}]}<\/script>\n<!-- \/ Yoast SEO plugin. -->","yoast_head_json":{"title":"Laboratoires Osma - Piedra de alumbre","robots":{"index":"index","follow":"follow","max-snippet":"max-snippet:-1","max-image-preview":"max-image-preview:large","max-video-preview":"max-video-preview:-1"},"canonical":"https:\/\/www.laboratoiresosma.com\/es\/laboratoires-osma\/","og_locale":"es_ES","og_type":"article","og_title":"Laboratoires Osma - Piedra de alumbre","og_description":"LABORATOIRES OSMA : Fa\u00e7onnier de pierre d'alun La pierre d'alun est connue et utilis\u00e9e en cosm\u00e9tique depuis\u00a0plusieurs mill\u00e9naires. Les \u00c9gyptiens,\u00a0le Grecs et les Romains, en ont fait un alli\u00e9 quotidien dans des taches diverses et vari\u00e9es. Les Laboratoires Osma, offre dans le respect de ce min\u00e9ral naturel des produits cosm\u00e9tiques destin\u00e9s \u00e0 une utilisation quotidienne. [&hellip;]","og_url":"https:\/\/www.laboratoiresosma.com\/es\/laboratoires-osma\/","og_site_name":"Piedra de alumbre","article_publisher":"https:\/\/www.facebook.com\/LaboratoiresOsma\/","article_modified_time":"2016-09-07T11:07:32+00:00","og_image":[{"url":"https:\/\/www.laboratoiresosma.com\/wp-content\/uploads\/2016\/04\/cristal-deco-300x300.jpg"}],"twitter_card":"summary_large_image","twitter_site":"@LaboratoireOsma","twitter_misc":{"Est. reading time":"2 minutes"},"schema":{"@context":"https:\/\/schema.org","@graph":[{"@type":"WebPage","@id":"https:\/\/www.laboratoiresosma.com\/es\/laboratoires-osma\/","url":"https:\/\/www.laboratoiresosma.com\/es\/laboratoires-osma\/","name":"Laboratoires Osma - Piedra de alumbre","isPartOf":{"@id":"https:\/\/www.laboratoiresosma.com\/#website"},"datePublished":"2016-09-07T11:07:21+00:00","dateModified":"2016-09-07T11:07:32+00:00","breadcrumb":{"@id":"https:\/\/www.laboratoiresosma.com\/es\/laboratoires-osma\/#breadcrumb"},"inLanguage":"es-ES","potentialAction":[{"@type":"ReadAction","target":["https:\/\/www.laboratoiresosma.com\/es\/laboratoires-osma\/"]}]},{"@type":"BreadcrumbList","@id":"https:\/\/www.laboratoiresosma.com\/es\/laboratoires-osma\/#breadcrumb","itemListElement":[{"@type":"ListItem","position":1,"name":"Accueil","item":"https:\/\/www.laboratoiresosma.com\/es\/"},{"@type":"ListItem","position":2,"name":"Laboratoires Osma"}]},{"@type":"WebSite","@id":"https:\/\/www.laboratoiresosma.com\/#website","url":"https:\/\/www.laboratoiresosma.com\/","name":"Piedra de alumbre","description":"Piedra d'alumbre  - Riesgo - Fabricaci\u00f3n - Alumbre natural","publisher":{"@id":"https:\/\/www.laboratoiresosma.com\/#organization"},"potentialAction":[{"@type":"SearchAction","target":{"@type":"EntryPoint","urlTemplate":"https:\/\/www.laboratoiresosma.com\/?s={search_term_string}"},"query-input":"required name=search_term_string"}],"inLanguage":"es-ES"},{"@type":"Organization","@id":"https:\/\/www.laboratoiresosma.com\/#organization","name":"Laboratoires Osma","url":"https:\/\/www.laboratoiresosma.com\/","logo":{"@type":"ImageObject","inLanguage":"es-ES","@id":"https:\/\/www.laboratoiresosma.com\/#\/schema\/logo\/image\/","url":"https:\/\/www.laboratoiresosma.com\/wp-content\/uploads\/2023\/11\/cropped-LOGOOSMA-DISTRIBUTION-512-512.jpg","contentUrl":"https:\/\/www.laboratoiresosma.com\/wp-content\/uploads\/2023\/11\/cropped-LOGOOSMA-DISTRIBUTION-512-512.jpg","width":512,"height":512,"caption":"Laboratoires Osma"},"image":{"@id":"https:\/\/www.laboratoiresosma.com\/#\/schema\/logo\/image\/"},"sameAs":["https:\/\/www.facebook.com\/LaboratoiresOsma\/","https:\/\/twitter.com\/LaboratoireOsma","https:\/\/www.instagram.com\/laboratoiresosma\/","https:\/\/www.pinterest.fr\/laboratoireso\/","https:\/\/www.linkedin.com\/company\/69502869"]}]}},"_links":{"self":[{"href":"https:\/\/www.laboratoiresosma.com\/es\/wp-json\/wp\/v2\/pages\/474"}],"collection":[{"href":"https:\/\/www.laboratoiresosma.com\/es\/wp-json\/wp\/v2\/pages"}],"about":[{"href":"https:\/\/www.laboratoiresosma.com\/es\/wp-json\/wp\/v2\/types\/page"}],"author":[{"embeddable":true,"href":"https:\/\/www.laboratoiresosma.com\/es\/wp-json\/wp\/v2\/users\/1"}],"replies":[{"embeddable":true,"href":"https:\/\/www.laboratoiresosma.com\/es\/wp-json\/wp\/v2\/comments?post=474"}],"version-history":[{"count":2,"href":"https:\/\/www.laboratoiresosma.com\/es\/wp-json\/wp\/v2\/pages\/474\/revisions"}],"predecessor-version":[{"id":482,"href":"https:\/\/www.laboratoiresosma.com\/es\/wp-json\/wp\/v2\/pages\/474\/revisions\/482"}],"wp:attachment":[{"href":"https:\/\/www.laboratoiresosma.com\/es\/wp-json\/wp\/v2\/media?parent=474"}],"curies":[{"name":"wp","href":"https:\/\/api.w.org\/{rel}","templated":true}]}}