{"id":473,"date":"2016-09-07T12:06:53","date_gmt":"2016-09-07T11:06:53","guid":{"rendered":"http:\/\/www.laboratoiresosma.com\/es\/?page_id=473"},"modified":"2018-06-27T15:09:09","modified_gmt":"2018-06-27T14:09:09","slug":"contacto","status":"publish","type":"page","link":"https:\/\/www.laboratoiresosma.com\/es\/contacto\/","title":{"rendered":"Contacto"},"content":{"rendered":"<p>[et_pb_section fb_built=&#8221;1&#8243; fullwidth=&#8221;on&#8221; _builder_version=&#8221;3.0.47&#8243;][et_pb_fullwidth_map address=&#8221;Voie Romaine, 69290 Craponne, France&#8221; zoom_level=&#8221;15&#8243; address_lat=&#8221;45.750836396171394&#8243; address_lng=&#8221;4.727985555654519&#8243; _builder_version=&#8221;3.0.91&#8243;][et_pb_map_pin pin_address=&#8221;110 Voie Romaine, 69290 Craponne, France&#8221; pin_address_lat=&#8221;45.75061741949934&#8243; pin_address_lng=&#8221;4.739316547637941&#8243; _builder_version=&#8221;3.0.47&#8243;]<img loading=\"lazy\" decoding=\"async\" class=\"size-thumbnail wp-image-103 aligncenter\" src=\"https:\/\/www.laboratoiresosma.com\/wp-content\/uploads\/2016\/04\/Osma-laboratoires-150x62.jpg\" alt=\"Osma-laboratoires\" width=\"150\" height=\"62\" \/>OSMA LABORATOIRES<br \/>\n110 Ancienne Voie Romaine<br \/>\n69 290 CRAPONNE<br \/>\n[\/et_pb_map_pin][\/et_pb_fullwidth_map][\/et_pb_section][et_pb_section fb_built=&#8221;1&#8243; custom_padding_last_edited=&#8221;on|desktop&#8221; admin_label=&#8221;section&#8221; module_class=&#8221;page-contact&#8221; _builder_version=&#8221;3.0.74&#8243; background_color=&#8221;#ffffff&#8221; custom_padding_tablet=&#8221;50px|0|50px|0&#8243; transparent_background=&#8221;off&#8221; padding_mobile=&#8221;off&#8221;][et_pb_row admin_label=&#8221;row&#8221; _builder_version=&#8221;3.0.47&#8243; background_size=&#8221;initial&#8221; background_position=&#8221;top_left&#8221; background_repeat=&#8221;repeat&#8221;][et_pb_column type=&#8221;4_4&#8243; _builder_version=&#8221;3.0.47&#8243; parallax=&#8221;off&#8221; parallax_method=&#8221;on&#8221;][et_pb_text _builder_version=&#8221;3.0.87&#8243; background_size=&#8221;initial&#8221; background_position=&#8221;top_left&#8221; background_repeat=&#8221;repeat&#8221; use_border_color=&#8221;off&#8221; border_color=&#8221;#ffffff&#8221; border_style=&#8221;solid&#8221;]<\/p>\n<h1>Contact<\/h1>\n<p>[\/et_pb_text][\/et_pb_column][\/et_pb_row][et_pb_row _builder_version=&#8221;3.0.47&#8243; background_size=&#8221;initial&#8221; background_position=&#8221;top_left&#8221; background_repeat=&#8221;repeat&#8221;][et_pb_column type=&#8221;1_3&#8243; _builder_version=&#8221;3.0.47&#8243; parallax=&#8221;off&#8221; parallax_method=&#8221;on&#8221;][et_pb_text _builder_version=&#8221;3.0.87&#8243; background_color=&#8221;#c8c8ce&#8221; background_size=&#8221;initial&#8221; background_position=&#8221;top_left&#8221; background_repeat=&#8221;repeat&#8221; custom_padding=&#8221;30px|30px|30px|30px&#8221; use_border_color=&#8221;off&#8221; border_color=&#8221;#ffffff&#8221; border_style=&#8221;solid&#8221;]<\/p>\n<ul class=\"contact\">\n<li><img decoding=\"async\" src=\"https:\/\/www.laboratoiresosma.com\/wp-content\/uploads\/2016\/04\/Adresse.png\" alt=\"\" \/>OSMA LABORATOIRES<\/li>\n<li class=\"no-icon\">110 Ancienne Voie Romaine<\/li>\n<li class=\"no-icon\">69 290 CRAPONNE<\/li>\n<li><img decoding=\"async\" src=\"https:\/\/www.laboratoiresosma.com\/wp-content\/uploads\/2016\/04\/tel.png\" alt=\"\" \/>+33 (0) 4 78 57 97 18<\/li>\n<li><img decoding=\"async\" src=\"https:\/\/www.laboratoiresosma.com\/wp-content\/uploads\/2016\/04\/email.png\" alt=\"\" \/><a href=\"mailto:contact@laboratoiresosma.com\">contact@laboratoiresosma.com<\/a><\/li>\n<\/ul>\n<p>[\/et_pb_text][\/et_pb_column][et_pb_column type=&#8221;2_3&#8243; _builder_version=&#8221;3.0.47&#8243; parallax=&#8221;off&#8221; parallax_method=&#8221;on&#8221;][et_pb_contact_form email=&#8221;romain.biolay@laboratoiresosma.com&#8221; custom_message=&#8221;Nom : %%name%%||et_pb_line_break_holder||Email de : %%email%% ||et_pb_line_break_holder||Message : %%message%%&#8221; _builder_version=&#8221;3.8&#8243; border_radii=&#8221;on|0px|0px|0px|0px&#8221; use_border_color=&#8221;off&#8221; module_id=&#8221;et_pb_contact_form_1&#8243;][et_pb_contact_field field_id=&#8221;Name&#8221; field_title=&#8221;Nom&#8221; _builder_version=&#8221;3.8&#8243;][\/et_pb_contact_field][et_pb_contact_field field_id=&#8221;Email&#8221; field_title=&#8221;Adresse e-mail&#8221; field_type=&#8221;email&#8221; _builder_version=&#8221;3.8&#8243;][\/et_pb_contact_field][et_pb_contact_field field_id=&#8221;Message&#8221; field_title=&#8221;Message&#8221; field_type=&#8221;text&#8221; fullwidth_field=&#8221;on&#8221; _builder_version=&#8221;3.8&#8243; border_radii=&#8221;on||||&#8221;][\/et_pb_contact_field][et_pb_contact_field field_id=&#8221;RGPD&#8221; field_title=&#8221;Pol\u00edtica de privacidad&#8221; field_type=&#8221;checkbox&#8221; checkbox_options=&#8221;%91{%22value%22:%22He le\u00eddo y acepto su pol\u00edtica de privacidad.%22,%22checked%22:0,%22dragID%22:-1,%22link_url%22:%22https:\/\/www.laboratoiresosma.com\/es\/aviso-legal\/%22}%93&#8243; fullwidth_field=&#8221;on&#8221; _builder_version=&#8221;3.8&#8243; form_field_font_size=&#8221;12&#8243; form_field_font_size_tablet=&#8221;12&#8243; form_field_font_size_phone=&#8221;12&#8243; border_radii=&#8221;on||||&#8221;][\/et_pb_contact_field][\/et_pb_contact_form][\/et_pb_column][\/et_pb_row][\/et_pb_section]<\/p>\n","protected":false},"excerpt":{"rendered":"<p>OSMA LABORATOIRES 110 Ancienne Voie Romaine 69 290 CRAPONNE Contact OSMA LABORATOIRES 110 Ancienne Voie Romaine 69 290 CRAPONNE +33 (0) 4 78 57 97 18 contact@laboratoiresosma.com<\/p>\n","protected":false},"author":1,"featured_media":0,"parent":0,"menu_order":0,"comment_status":"closed","ping_status":"closed","template":"","meta":{"_et_pb_use_builder":"on","_et_pb_old_content":"","_et_gb_content_width":"","footnotes":""},"yoast_head":"<!-- This site is optimized with the Yoast SEO plugin v21.3 - https:\/\/yoast.com\/wordpress\/plugins\/seo\/ -->\n<title>Contacto - Piedra de alumbre<\/title>\n<meta name=\"robots\" content=\"index, follow, max-snippet:-1, max-image-preview:large, max-video-preview:-1\" \/>\n<link rel=\"canonical\" href=\"https:\/\/www.laboratoiresosma.com\/es\/contacto\/\" \/>\n<meta property=\"og:locale\" content=\"es_ES\" \/>\n<meta property=\"og:type\" content=\"article\" \/>\n<meta property=\"og:title\" content=\"Contacto - Piedra de alumbre\" \/>\n<meta property=\"og:description\" content=\"OSMA LABORATOIRES 110 Ancienne Voie Romaine 69 290 CRAPONNE Contact OSMA LABORATOIRES 110 Ancienne Voie Romaine 69 290 CRAPONNE +33 (0) 4 78 57 97 18 contact@laboratoiresosma.com\" \/>\n<meta property=\"og:url\" content=\"https:\/\/www.laboratoiresosma.com\/es\/contacto\/\" \/>\n<meta property=\"og:site_name\" content=\"Piedra de alumbre\" \/>\n<meta property=\"article:publisher\" content=\"https:\/\/www.facebook.com\/LaboratoiresOsma\/\" \/>\n<meta property=\"article:modified_time\" content=\"2018-06-27T14:09:09+00:00\" \/>\n<meta property=\"og:image\" content=\"https:\/\/www.laboratoiresosma.com\/wp-content\/uploads\/2016\/04\/Osma-laboratoires-150x62.jpg\" \/>\n<meta name=\"twitter:card\" content=\"summary_large_image\" \/>\n<meta name=\"twitter:site\" content=\"@LaboratoireOsma\" \/>\n<meta name=\"twitter:label1\" content=\"Est. reading time\" \/>\n\t<meta name=\"twitter:data1\" content=\"2 minutes\" \/>\n<script type=\"application\/ld+json\" class=\"yoast-schema-graph\">{\"@context\":\"https:\/\/schema.org\",\"@graph\":[{\"@type\":\"WebPage\",\"@id\":\"https:\/\/www.laboratoiresosma.com\/es\/contacto\/\",\"url\":\"https:\/\/www.laboratoiresosma.com\/es\/contacto\/\",\"name\":\"Contacto - Piedra de alumbre\",\"isPartOf\":{\"@id\":\"https:\/\/www.laboratoiresosma.com\/#website\"},\"datePublished\":\"2016-09-07T11:06:53+00:00\",\"dateModified\":\"2018-06-27T14:09:09+00:00\",\"breadcrumb\":{\"@id\":\"https:\/\/www.laboratoiresosma.com\/es\/contacto\/#breadcrumb\"},\"inLanguage\":\"es-ES\",\"potentialAction\":[{\"@type\":\"ReadAction\",\"target\":[\"https:\/\/www.laboratoiresosma.com\/es\/contacto\/\"]}]},{\"@type\":\"BreadcrumbList\",\"@id\":\"https:\/\/www.laboratoiresosma.com\/es\/contacto\/#breadcrumb\",\"itemListElement\":[{\"@type\":\"ListItem\",\"position\":1,\"name\":\"Accueil\",\"item\":\"https:\/\/www.laboratoiresosma.com\/es\/\"},{\"@type\":\"ListItem\",\"position\":2,\"name\":\"Contacto\"}]},{\"@type\":\"WebSite\",\"@id\":\"https:\/\/www.laboratoiresosma.com\/#website\",\"url\":\"https:\/\/www.laboratoiresosma.com\/\",\"name\":\"Piedra de alumbre\",\"description\":\"Piedra d'alumbre  - Riesgo - Fabricaci\u00f3n - Alumbre natural\",\"publisher\":{\"@id\":\"https:\/\/www.laboratoiresosma.com\/#organization\"},\"potentialAction\":[{\"@type\":\"SearchAction\",\"target\":{\"@type\":\"EntryPoint\",\"urlTemplate\":\"https:\/\/www.laboratoiresosma.com\/?s={search_term_string}\"},\"query-input\":\"required name=search_term_string\"}],\"inLanguage\":\"es-ES\"},{\"@type\":\"Organization\",\"@id\":\"https:\/\/www.laboratoiresosma.com\/#organization\",\"name\":\"Laboratoires Osma\",\"url\":\"https:\/\/www.laboratoiresosma.com\/\",\"logo\":{\"@type\":\"ImageObject\",\"inLanguage\":\"es-ES\",\"@id\":\"https:\/\/www.laboratoiresosma.com\/#\/schema\/logo\/image\/\",\"url\":\"https:\/\/www.laboratoiresosma.com\/wp-content\/uploads\/2023\/11\/cropped-LOGOOSMA-DISTRIBUTION-512-512.jpg\",\"contentUrl\":\"https:\/\/www.laboratoiresosma.com\/wp-content\/uploads\/2023\/11\/cropped-LOGOOSMA-DISTRIBUTION-512-512.jpg\",\"width\":512,\"height\":512,\"caption\":\"Laboratoires Osma\"},\"image\":{\"@id\":\"https:\/\/www.laboratoiresosma.com\/#\/schema\/logo\/image\/\"},\"sameAs\":[\"https:\/\/www.facebook.com\/LaboratoiresOsma\/\",\"https:\/\/twitter.com\/LaboratoireOsma\",\"https:\/\/www.instagram.com\/laboratoiresosma\/\",\"https:\/\/www.pinterest.fr\/laboratoireso\/\",\"https:\/\/www.linkedin.com\/company\/69502869\"]}]}<\/script>\n<!-- \/ Yoast SEO plugin. -->","yoast_head_json":{"title":"Contacto - Piedra de alumbre","robots":{"index":"index","follow":"follow","max-snippet":"max-snippet:-1","max-image-preview":"max-image-preview:large","max-video-preview":"max-video-preview:-1"},"canonical":"https:\/\/www.laboratoiresosma.com\/es\/contacto\/","og_locale":"es_ES","og_type":"article","og_title":"Contacto - Piedra de alumbre","og_description":"OSMA LABORATOIRES 110 Ancienne Voie Romaine 69 290 CRAPONNE Contact OSMA LABORATOIRES 110 Ancienne Voie Romaine 69 290 CRAPONNE +33 (0) 4 78 57 97 18 contact@laboratoiresosma.com","og_url":"https:\/\/www.laboratoiresosma.com\/es\/contacto\/","og_site_name":"Piedra de alumbre","article_publisher":"https:\/\/www.facebook.com\/LaboratoiresOsma\/","article_modified_time":"2018-06-27T14:09:09+00:00","og_image":[{"url":"https:\/\/www.laboratoiresosma.com\/wp-content\/uploads\/2016\/04\/Osma-laboratoires-150x62.jpg"}],"twitter_card":"summary_large_image","twitter_site":"@LaboratoireOsma","twitter_misc":{"Est. reading time":"2 minutes"},"schema":{"@context":"https:\/\/schema.org","@graph":[{"@type":"WebPage","@id":"https:\/\/www.laboratoiresosma.com\/es\/contacto\/","url":"https:\/\/www.laboratoiresosma.com\/es\/contacto\/","name":"Contacto - Piedra de alumbre","isPartOf":{"@id":"https:\/\/www.laboratoiresosma.com\/#website"},"datePublished":"2016-09-07T11:06:53+00:00","dateModified":"2018-06-27T14:09:09+00:00","breadcrumb":{"@id":"https:\/\/www.laboratoiresosma.com\/es\/contacto\/#breadcrumb"},"inLanguage":"es-ES","potentialAction":[{"@type":"ReadAction","target":["https:\/\/www.laboratoiresosma.com\/es\/contacto\/"]}]},{"@type":"BreadcrumbList","@id":"https:\/\/www.laboratoiresosma.com\/es\/contacto\/#breadcrumb","itemListElement":[{"@type":"ListItem","position":1,"name":"Accueil","item":"https:\/\/www.laboratoiresosma.com\/es\/"},{"@type":"ListItem","position":2,"name":"Contacto"}]},{"@type":"WebSite","@id":"https:\/\/www.laboratoiresosma.com\/#website","url":"https:\/\/www.laboratoiresosma.com\/","name":"Piedra de alumbre","description":"Piedra d'alumbre  - Riesgo - Fabricaci\u00f3n - Alumbre natural","publisher":{"@id":"https:\/\/www.laboratoiresosma.com\/#organization"},"potentialAction":[{"@type":"SearchAction","target":{"@type":"EntryPoint","urlTemplate":"https:\/\/www.laboratoiresosma.com\/?s={search_term_string}"},"query-input":"required name=search_term_string"}],"inLanguage":"es-ES"},{"@type":"Organization","@id":"https:\/\/www.laboratoiresosma.com\/#organization","name":"Laboratoires Osma","url":"https:\/\/www.laboratoiresosma.com\/","logo":{"@type":"ImageObject","inLanguage":"es-ES","@id":"https:\/\/www.laboratoiresosma.com\/#\/schema\/logo\/image\/","url":"https:\/\/www.laboratoiresosma.com\/wp-content\/uploads\/2023\/11\/cropped-LOGOOSMA-DISTRIBUTION-512-512.jpg","contentUrl":"https:\/\/www.laboratoiresosma.com\/wp-content\/uploads\/2023\/11\/cropped-LOGOOSMA-DISTRIBUTION-512-512.jpg","width":512,"height":512,"caption":"Laboratoires Osma"},"image":{"@id":"https:\/\/www.laboratoiresosma.com\/#\/schema\/logo\/image\/"},"sameAs":["https:\/\/www.facebook.com\/LaboratoiresOsma\/","https:\/\/twitter.com\/LaboratoireOsma","https:\/\/www.instagram.com\/laboratoiresosma\/","https:\/\/www.pinterest.fr\/laboratoireso\/","https:\/\/www.linkedin.com\/company\/69502869"]}]}},"_links":{"self":[{"href":"https:\/\/www.laboratoiresosma.com\/es\/wp-json\/wp\/v2\/pages\/473"}],"collection":[{"href":"https:\/\/www.laboratoiresosma.com\/es\/wp-json\/wp\/v2\/pages"}],"about":[{"href":"https:\/\/www.laboratoiresosma.com\/es\/wp-json\/wp\/v2\/types\/page"}],"author":[{"embeddable":true,"href":"https:\/\/www.laboratoiresosma.com\/es\/wp-json\/wp\/v2\/users\/1"}],"replies":[{"embeddable":true,"href":"https:\/\/www.laboratoiresosma.com\/es\/wp-json\/wp\/v2\/comments?post=473"}],"version-history":[{"count":5,"href":"https:\/\/www.laboratoiresosma.com\/es\/wp-json\/wp\/v2\/pages\/473\/revisions"}],"predecessor-version":[{"id":725,"href":"https:\/\/www.laboratoiresosma.com\/es\/wp-json\/wp\/v2\/pages\/473\/revisions\/725"}],"wp:attachment":[{"href":"https:\/\/www.laboratoiresosma.com\/es\/wp-json\/wp\/v2\/media?parent=473"}],"curies":[{"name":"wp","href":"https:\/\/api.w.org\/{rel}","templated":true}]}}