{"id":432,"date":"2016-09-06T11:39:11","date_gmt":"2016-09-06T10:39:11","guid":{"rendered":"http:\/\/www.laboratoiresosma.com\/en\/?page_id=432"},"modified":"2016-10-05T13:46:21","modified_gmt":"2016-10-05T12:46:21","slug":"laboratoires-osma","status":"publish","type":"page","link":"https:\/\/www.laboratoiresosma.com\/en\/laboratoires-osma\/","title":{"rendered":"Laboratoires Osma"},"content":{"rendered":"<p>[et_pb_section admin_label=&#8221;section&#8221;][et_pb_row admin_label=&#8221;row&#8221;][et_pb_column type=&#8221;4_4&#8243;][et_pb_text admin_label=&#8221;Texte&#8221; background_layout=&#8221;light&#8221; text_orientation=&#8221;left&#8221; use_border_color=&#8221;off&#8221; border_color=&#8221;#ffffff&#8221; border_style=&#8221;solid&#8221;]<\/p>\n<h1>LABORATOIRES OSMA :\u00a0Alum stones manufacturer<\/h1>\n<p>[\/et_pb_text][\/et_pb_column][\/et_pb_row][et_pb_row admin_label=&#8221;Ligne&#8221;][et_pb_column type=&#8221;4_4&#8243;][et_pb_text admin_label=&#8221;Texte&#8221; background_layout=&#8221;light&#8221; text_orientation=&#8221;left&#8221; use_border_color=&#8221;off&#8221; border_color=&#8221;#ffffff&#8221; border_style=&#8221;solid&#8221;]<\/p>\n<p style=\"text-align: justify;\">Alum is know and used as a cosmetic since several millenia.<img loading=\"lazy\" decoding=\"async\" class=\"alignright wp-image-213 \" src=\"https:\/\/www.laboratoiresosma.com\/wp-content\/uploads\/2016\/04\/cristal-deco-300x300.jpg\" alt=\"pierre d'alun\" width=\"206\" height=\"206\" \/><\/p>\n<p>Egyptians, Greeks, Romans, \u00a0used it dayly for all kind of stuff (painting, leather work, agriculture, water treatment&#8230;).<\/p>\n<p style=\"text-align: justify;\">Laboratoires Osma, mades, stiil respecting the natural alum crystal, one of the largest offer of cosmetics based with alum stone for dayly use.<\/p>\n<p style=\"text-align: justify;\">Last French manufacturer of alum stones, Laboratoires Osma, thanks to its unique know-how is recognized as one of the best alum stones&#8217; manufacturer by offering high quality products with one of the purest alum crystal in the world.<\/p>\n<p style=\"text-align: justify;\">Our alum stones are all polished by hands in our warehouse in France, in order to offer one of the best alum stone mades from 100% natural origin alum.<\/p>\n<p style=\"text-align: justify;\">From crsytallisation to polishing and even packaging all the production steps are made in our office based in Craponne in France.<img loading=\"lazy\" decoding=\"async\" class=\"alignright wp-image-225 size-thumbnail\" src=\"https:\/\/www.laboratoiresosma.com\/wp-content\/uploads\/2016\/04\/Cristal-dalun-150x150.jpg\" alt=\"Cristal d'alun\" width=\"150\" height=\"150\" \/><\/p>\n<p>Laboratoires Osma, is proud to have obtained the Cosmos Nat for its alum stones, that shows that we only use 100% natural original alum. Our company is the first one in the world to have both raw material and finished alum stones certified by Cosmos Nat.<\/p>\n<p style=\"text-align: justify;\">Since 1957, and thanks to our strict requirement we made and distribute natural cosmetic products, that fits your customers&#8217; demand and also European and worlwide regulations ofr cosmetic manufacturing.<\/p>\n<p style=\"text-align: justify;\">In order to take car of our own living environnement we also try to choose a large part of local suppliers to decrease our carbon impact, and we also be careful in retreating all our garbage\u00a0also to have less environmental impact.<\/p>\n<p style=\"text-align: justify;\">Welcome in discovering our know how&#8230;<\/p>\n<p>[\/et_pb_text][et_pb_text admin_label=&#8221;Texte&#8221; saved_tabs=&#8221;all&#8221; global_module=&#8221;141&#8243; background_layout=&#8221;light&#8221; text_orientation=&#8221;right&#8221; use_border_color=&#8221;off&#8221; border_color=&#8221;#ffffff&#8221; border_style=&#8221;solid&#8221;] <div class=\"printfriendly pf-button  pf-alignleft\"><a href=\"https:\/\/www.laboratoiresosma.com\/en\/laboratoires-osma\/?pfstyle=wp\" rel=\"nofollow\"  title=\"Printer Friendly, PDF & Email\"><img decoding=\"async\" class=\"pf-button-img\" src=\"https:\/\/cdn.printfriendly.com\/buttons\/printfriendly-pdf-button-nobg-md.png\" alt=\"Print Friendly, PDF & Email\" style=\"width: 124px;height: 30px;\"  \/><\/a><\/div> [\/et_pb_text][\/et_pb_column][\/et_pb_row][\/et_pb_section]<\/p>\n","protected":false},"excerpt":{"rendered":"<p>LABORATOIRES OSMA :\u00a0Alum stones manufacturer Alum is know and used as a cosmetic since several millenia. Egyptians, Greeks, Romans, \u00a0used it dayly for all kind of stuff (painting, leather work, agriculture, water treatment&#8230;). Laboratoires Osma, mades, stiil respecting the natural alum crystal, one of the largest offer of cosmetics based with alum stone for dayly [&hellip;]<\/p>\n","protected":false},"author":1,"featured_media":0,"parent":0,"menu_order":0,"comment_status":"closed","ping_status":"closed","template":"","meta":{"_et_pb_use_builder":"on","_et_pb_old_content":"<p>[et_pb_section admin_label=\"section\"][et_pb_row admin_label=\"row\"][et_pb_column type=\"4_4\"][et_pb_text admin_label=\"Texte\" background_layout=\"light\" text_orientation=\"left\" use_border_color=\"off\" border_color=\"#ffffff\" border_style=\"solid\"]<\/p><h1>LABORATOIRES OSMA : Fa\u00e7onnier de pierre d'alun<\/h1><p>[\/et_pb_text][\/et_pb_column][\/et_pb_row][et_pb_row admin_label=\"Ligne\"][et_pb_column type=\"4_4\"][et_pb_text admin_label=\"Texte\" background_layout=\"light\" text_orientation=\"left\" use_border_color=\"off\" border_color=\"#ffffff\" border_style=\"solid\"]<\/p><p style=\"text-align: justify;\">La pierre d'alun est connue et utilis\u00e9e en cosm\u00e9tique depuis\u00a0plusieurs mill\u00e9naires.<img class=\"alignright wp-image-213 \" src=\"https:\/\/www.laboratoiresosma.com\/wp-content\/uploads\/2016\/04\/cristal-deco-300x300.jpg\" alt=\"pierre d'alun\" width=\"206\" height=\"206\" \/><\/p><p>Les \u00c9gyptiens,\u00a0le Grecs et les Romains, en ont fait un alli\u00e9 quotidien dans des taches diverses et vari\u00e9es.<\/p><p style=\"text-align: justify;\">Les Laboratoires Osma, offre dans le respect de ce min\u00e9ral naturel des produits cosm\u00e9tiques destin\u00e9s \u00e0 une utilisation quotidienne.<\/p><p style=\"text-align: justify;\">Dernier fa\u00e7onnier fran\u00e7ais de pierres d'alun, les Laboratoires Osma gr\u00e2ce \u00e0 un savoir faire unique propose une offre de produits reconnus pour leur grande qualit\u00e9.<\/p><p style=\"text-align: justify;\">Nous proposons des pierres d'alun enti\u00e8rement fa\u00e7onn\u00e9es \u00e0 la main, et issues des meilleurs aluns au monde.<\/p><p style=\"text-align: justify;\">De la recristallisation au polissage, puis \u00e0 l'emballage, toutes les \u00e9tapes de production de nos pierres d'alun sont effectu\u00e9es sur notre site de Craponne.<\/p><p>La naturalit\u00e9 de notre mati\u00e8re premi\u00e8re \u00e0 d'ailleurs \u00e9t\u00e9 reconnue par l'obtention du label Cosmos Nat par nos pierres d'alun, faisant de notre soci\u00e9t\u00e9 la premi\u00e8re fabrique europ\u00e9enne d'alun titulaire d'une telle reconnaissance.<\/p><p style=\"text-align: justify;\">Depuis 1957, nous fabriquons et distribuons des produits cosm\u00e9tique<img class=\"alignright wp-image-225\" src=\"https:\/\/www.laboratoiresosma.com\/wp-content\/uploads\/2016\/04\/Cristal-dalun-300x211.jpg\" alt=\"Cristal d'alun\" width=\"208\" height=\"146\" \/>s naturels r\u00e9pondant aux exigences de vos clients\u00a0et aux normes\u00a0en vigueur.<\/p><p style=\"text-align: justify;\">Soucieux, de notre impact environnementale les Laboratoires Osma propose une large gamme de produis cosm\u00e9tiques Biologiques certifi\u00e9s.<\/p><p style=\"text-align: justify;\">Nous vous invitons \u00e0 d\u00e9couvrir notre savoir faire.<\/p><p>[\/et_pb_text][et_pb_text admin_label=\"Texte\" background_layout=\"light\" text_orientation=\"right\" use_border_color=\"off\" border_color=\"#ffffff\" border_style=\"solid\" saved_tabs=\"all\" global_module=\"141\"] [printfriendly] [\/et_pb_text][\/et_pb_column][\/et_pb_row][\/et_pb_section]<\/p>","_et_gb_content_width":"","footnotes":""},"yoast_head":"<!-- This site is optimized with the Yoast SEO plugin v21.3 - https:\/\/yoast.com\/wordpress\/plugins\/seo\/ -->\n<title>Laboratoires Osma - Alum stone and Natural comsetics since 1957<\/title>\n<meta name=\"description\" content=\"Laboratoires Osma, is since 1957 a pionneer of natural cosmetics. Know as the last French manufacturer of alum stone, it also offers cosmetics\" \/>\n<meta name=\"robots\" content=\"index, follow, max-snippet:-1, max-image-preview:large, max-video-preview:-1\" \/>\n<link rel=\"canonical\" href=\"https:\/\/www.laboratoiresosma.com\/en\/laboratoires-osma\/\" \/>\n<meta property=\"og:locale\" content=\"en_US\" \/>\n<meta property=\"og:type\" content=\"article\" \/>\n<meta property=\"og:title\" content=\"Laboratoires Osma - Alum stone and Natural comsetics since 1957\" \/>\n<meta property=\"og:description\" content=\"Laboratoires Osma, is since 1957 a pionneer of natural cosmetics. Know as the last French manufacturer of alum stone, it also offers cosmetics\" \/>\n<meta property=\"og:url\" content=\"https:\/\/www.laboratoiresosma.com\/en\/laboratoires-osma\/\" \/>\n<meta property=\"og:site_name\" content=\"Alum stone\" \/>\n<meta property=\"article:publisher\" content=\"https:\/\/www.facebook.com\/LaboratoiresOsma\/\" \/>\n<meta property=\"article:modified_time\" content=\"2016-10-05T12:46:21+00:00\" \/>\n<meta property=\"og:image\" content=\"https:\/\/www.laboratoiresosma.com\/wp-content\/uploads\/2016\/04\/cristal-deco-300x300.jpg\" \/>\n<meta name=\"twitter:card\" content=\"summary_large_image\" \/>\n<meta name=\"twitter:site\" content=\"@LaboratoireOsma\" \/>\n<meta name=\"twitter:label1\" content=\"Est. reading time\" \/>\n\t<meta name=\"twitter:data1\" content=\"2 minutes\" \/>\n<script type=\"application\/ld+json\" class=\"yoast-schema-graph\">{\"@context\":\"https:\/\/schema.org\",\"@graph\":[{\"@type\":\"WebPage\",\"@id\":\"https:\/\/www.laboratoiresosma.com\/en\/laboratoires-osma\/\",\"url\":\"https:\/\/www.laboratoiresosma.com\/en\/laboratoires-osma\/\",\"name\":\"Laboratoires Osma - Alum stone and Natural comsetics since 1957\",\"isPartOf\":{\"@id\":\"https:\/\/www.laboratoiresosma.com\/#website\"},\"datePublished\":\"2016-09-06T10:39:11+00:00\",\"dateModified\":\"2016-10-05T12:46:21+00:00\",\"description\":\"Laboratoires Osma, is since 1957 a pionneer of natural cosmetics. Know as the last French manufacturer of alum stone, it also offers cosmetics\",\"breadcrumb\":{\"@id\":\"https:\/\/www.laboratoiresosma.com\/en\/laboratoires-osma\/#breadcrumb\"},\"inLanguage\":\"en-US\",\"potentialAction\":[{\"@type\":\"ReadAction\",\"target\":[\"https:\/\/www.laboratoiresosma.com\/en\/laboratoires-osma\/\"]}]},{\"@type\":\"BreadcrumbList\",\"@id\":\"https:\/\/www.laboratoiresosma.com\/en\/laboratoires-osma\/#breadcrumb\",\"itemListElement\":[{\"@type\":\"ListItem\",\"position\":1,\"name\":\"Accueil\",\"item\":\"https:\/\/www.laboratoiresosma.com\/en\/\"},{\"@type\":\"ListItem\",\"position\":2,\"name\":\"Laboratoires Osma\"}]},{\"@type\":\"WebSite\",\"@id\":\"https:\/\/www.laboratoiresosma.com\/#website\",\"url\":\"https:\/\/www.laboratoiresosma.com\/\",\"name\":\"Alum stone\",\"description\":\"Alum stone - Danger - Manufacturing - Natural alum\",\"publisher\":{\"@id\":\"https:\/\/www.laboratoiresosma.com\/#organization\"},\"potentialAction\":[{\"@type\":\"SearchAction\",\"target\":{\"@type\":\"EntryPoint\",\"urlTemplate\":\"https:\/\/www.laboratoiresosma.com\/?s={search_term_string}\"},\"query-input\":\"required name=search_term_string\"}],\"inLanguage\":\"en-US\"},{\"@type\":\"Organization\",\"@id\":\"https:\/\/www.laboratoiresosma.com\/#organization\",\"name\":\"Laboratoires Osma\",\"url\":\"https:\/\/www.laboratoiresosma.com\/\",\"logo\":{\"@type\":\"ImageObject\",\"inLanguage\":\"en-US\",\"@id\":\"https:\/\/www.laboratoiresosma.com\/#\/schema\/logo\/image\/\",\"url\":\"https:\/\/www.laboratoiresosma.com\/wp-content\/uploads\/2023\/11\/cropped-LOGOOSMA-DISTRIBUTION-512-512.jpg\",\"contentUrl\":\"https:\/\/www.laboratoiresosma.com\/wp-content\/uploads\/2023\/11\/cropped-LOGOOSMA-DISTRIBUTION-512-512.jpg\",\"width\":512,\"height\":512,\"caption\":\"Laboratoires Osma\"},\"image\":{\"@id\":\"https:\/\/www.laboratoiresosma.com\/#\/schema\/logo\/image\/\"},\"sameAs\":[\"https:\/\/www.facebook.com\/LaboratoiresOsma\/\",\"https:\/\/twitter.com\/LaboratoireOsma\",\"https:\/\/www.instagram.com\/laboratoiresosma\/\",\"https:\/\/www.pinterest.fr\/laboratoireso\/\",\"https:\/\/www.linkedin.com\/company\/69502869\"]}]}<\/script>\n<!-- \/ Yoast SEO plugin. -->","yoast_head_json":{"title":"Laboratoires Osma - Alum stone and Natural comsetics since 1957","description":"Laboratoires Osma, is since 1957 a pionneer of natural cosmetics. Know as the last French manufacturer of alum stone, it also offers cosmetics","robots":{"index":"index","follow":"follow","max-snippet":"max-snippet:-1","max-image-preview":"max-image-preview:large","max-video-preview":"max-video-preview:-1"},"canonical":"https:\/\/www.laboratoiresosma.com\/en\/laboratoires-osma\/","og_locale":"en_US","og_type":"article","og_title":"Laboratoires Osma - Alum stone and Natural comsetics since 1957","og_description":"Laboratoires Osma, is since 1957 a pionneer of natural cosmetics. Know as the last French manufacturer of alum stone, it also offers cosmetics","og_url":"https:\/\/www.laboratoiresosma.com\/en\/laboratoires-osma\/","og_site_name":"Alum stone","article_publisher":"https:\/\/www.facebook.com\/LaboratoiresOsma\/","article_modified_time":"2016-10-05T12:46:21+00:00","og_image":[{"url":"https:\/\/www.laboratoiresosma.com\/wp-content\/uploads\/2016\/04\/cristal-deco-300x300.jpg"}],"twitter_card":"summary_large_image","twitter_site":"@LaboratoireOsma","twitter_misc":{"Est. reading time":"2 minutes"},"schema":{"@context":"https:\/\/schema.org","@graph":[{"@type":"WebPage","@id":"https:\/\/www.laboratoiresosma.com\/en\/laboratoires-osma\/","url":"https:\/\/www.laboratoiresosma.com\/en\/laboratoires-osma\/","name":"Laboratoires Osma - Alum stone and Natural comsetics since 1957","isPartOf":{"@id":"https:\/\/www.laboratoiresosma.com\/#website"},"datePublished":"2016-09-06T10:39:11+00:00","dateModified":"2016-10-05T12:46:21+00:00","description":"Laboratoires Osma, is since 1957 a pionneer of natural cosmetics. Know as the last French manufacturer of alum stone, it also offers cosmetics","breadcrumb":{"@id":"https:\/\/www.laboratoiresosma.com\/en\/laboratoires-osma\/#breadcrumb"},"inLanguage":"en-US","potentialAction":[{"@type":"ReadAction","target":["https:\/\/www.laboratoiresosma.com\/en\/laboratoires-osma\/"]}]},{"@type":"BreadcrumbList","@id":"https:\/\/www.laboratoiresosma.com\/en\/laboratoires-osma\/#breadcrumb","itemListElement":[{"@type":"ListItem","position":1,"name":"Accueil","item":"https:\/\/www.laboratoiresosma.com\/en\/"},{"@type":"ListItem","position":2,"name":"Laboratoires Osma"}]},{"@type":"WebSite","@id":"https:\/\/www.laboratoiresosma.com\/#website","url":"https:\/\/www.laboratoiresosma.com\/","name":"Alum stone","description":"Alum stone - Danger - Manufacturing - Natural alum","publisher":{"@id":"https:\/\/www.laboratoiresosma.com\/#organization"},"potentialAction":[{"@type":"SearchAction","target":{"@type":"EntryPoint","urlTemplate":"https:\/\/www.laboratoiresosma.com\/?s={search_term_string}"},"query-input":"required name=search_term_string"}],"inLanguage":"en-US"},{"@type":"Organization","@id":"https:\/\/www.laboratoiresosma.com\/#organization","name":"Laboratoires Osma","url":"https:\/\/www.laboratoiresosma.com\/","logo":{"@type":"ImageObject","inLanguage":"en-US","@id":"https:\/\/www.laboratoiresosma.com\/#\/schema\/logo\/image\/","url":"https:\/\/www.laboratoiresosma.com\/wp-content\/uploads\/2023\/11\/cropped-LOGOOSMA-DISTRIBUTION-512-512.jpg","contentUrl":"https:\/\/www.laboratoiresosma.com\/wp-content\/uploads\/2023\/11\/cropped-LOGOOSMA-DISTRIBUTION-512-512.jpg","width":512,"height":512,"caption":"Laboratoires Osma"},"image":{"@id":"https:\/\/www.laboratoiresosma.com\/#\/schema\/logo\/image\/"},"sameAs":["https:\/\/www.facebook.com\/LaboratoiresOsma\/","https:\/\/twitter.com\/LaboratoireOsma","https:\/\/www.instagram.com\/laboratoiresosma\/","https:\/\/www.pinterest.fr\/laboratoireso\/","https:\/\/www.linkedin.com\/company\/69502869"]}]}},"_links":{"self":[{"href":"https:\/\/www.laboratoiresosma.com\/en\/wp-json\/wp\/v2\/pages\/432"}],"collection":[{"href":"https:\/\/www.laboratoiresosma.com\/en\/wp-json\/wp\/v2\/pages"}],"about":[{"href":"https:\/\/www.laboratoiresosma.com\/en\/wp-json\/wp\/v2\/types\/page"}],"author":[{"embeddable":true,"href":"https:\/\/www.laboratoiresosma.com\/en\/wp-json\/wp\/v2\/users\/1"}],"replies":[{"embeddable":true,"href":"https:\/\/www.laboratoiresosma.com\/en\/wp-json\/wp\/v2\/comments?post=432"}],"version-history":[{"count":3,"href":"https:\/\/www.laboratoiresosma.com\/en\/wp-json\/wp\/v2\/pages\/432\/revisions"}],"predecessor-version":[{"id":578,"href":"https:\/\/www.laboratoiresosma.com\/en\/wp-json\/wp\/v2\/pages\/432\/revisions\/578"}],"wp:attachment":[{"href":"https:\/\/www.laboratoiresosma.com\/en\/wp-json\/wp\/v2\/media?parent=432"}],"curies":[{"name":"wp","href":"https:\/\/api.w.org\/{rel}","templated":true}]}}